{"id":1274,"date":"2024-09-29T15:00:15","date_gmt":"2024-09-29T15:00:15","guid":{"rendered":"https:\/\/dieschneiderei.eu\/?post_type=product&#038;p=1274"},"modified":"2024-12-05T21:08:35","modified_gmt":"2024-12-05T21:08:35","slug":"lebensfreude","status":"publish","type":"product","link":"https:\/\/dieschneiderei.eu\/?product=lebensfreude","title":{"rendered":"Lebensfreude"},"content":{"rendered":"<h3>Lebensfreude \u2013 Mala Kette | Meditation &amp; Yoga | 108 Perlen aus Citrin, Aquamarin, Bergkristall und Achat<\/h3>\n<p>Deine &#8218;Lebensfreude&#8216; Mala Kette aus Citrin, Aquamarin, Bergkristall und Achat steht f\u00fcr die Vielfalt deines Lebens. Freudvolle Farben von Gelb und Blau unterstreichen das bunte Zusammenwirken der vier Edelsteinen.<\/p>\n<p>Messingperlen und ein Messinganh\u00e4nger schm\u00fccken dezent die Edelsteinkette aus 108 Perlen. Die Guruperle aus Sandelholz und die gelbe Quaste bilden den Beginn und das Ende deiner Malakette.<\/p>\n<h5>WAS IST EINE MALA KETTE?<\/h5>\n<p>Malas sind wie Musen! Sie schenken dir Inspiration und begleiten deinen Lebensweg mit frischen Ideen und Kreativit\u00e4t. Als Meditationskette unterst\u00fctzt dich die Mala dabei, Ziele zu manifestieren. Sie wird durch die Energie von besonderen Edelsteinen gest\u00e4rkt. Die Mala besteht aus 108 Edelsteinperlen, zwischen jeder Perle ist ein Knoten liebevoll handgekn\u00fcpft. Bei der Japa-Meditation l\u00e4sst du die 108 Perlen einzeln durch deine Finger gleiten. Dabei wiederholst du jeweils dein Mantra und festigst deine Intention.<\/p>\n<h5>BEDEUTUNG DER EDELSTEINE UND GURUPERLE<\/h5>\n<div class=\"other-info\">\n<div id=\"recs_ribbon_container\">\n<div class=\"wt-position-relative\">\n<div class=\"wt-body-max-width wt-pt-xs-0 wt-pl-xs-2 wt-pr-xs-2 wt-pl-md-4 wt-pr-md-4 wt-pl-lg-5 wt-pr-lg-5\">\n<div class=\"recs-appears-logger\" data-appears-component-name=\"Listzilla_ApiSpecs_SameShop\" data-appears-event-data=\"{&quot;module_placement&quot;:&quot;listing_side&quot;,&quot;datasets&quot;:[&quot;Web_Listing_SameShopPurchaseV5Dynamic&quot;,&quot;recent_listings_from_shop&quot;],&quot;targets&quot;:[],&quot;logging_class&quot;:&quot;Listzilla_ApiSpecs_SameShop&quot;,&quot;page_listing_id&quot;:1428764375,&quot;mmx_request_uuid_map&quot;:{&quot;df616f26-c57f-4c29-85d8-f77bafbf0565&quot;:[0,1,2,3,4,5]},&quot;candidate_source_map&quot;:{&quot;arizona:Listing_Candidates_SameShop&quot;:[0,1,2,3,4,5]},&quot;target_listing_id&quot;:1428764375,&quot;listing_ids&quot;:[1380143086,1200043389,1353159027,1353127905,1415384300,1436354435],&quot;listing_prices_usd&quot;:[20,70,90,90,18,50],&quot;taxonomy_ids&quot;:[1239,1218,1218,1156,1218,1218],&quot;scores&quot;:[0.22222100198268890380859375,0.11296467483043670654296875,0.10798577964305877685546875,-0.0318067073822021484375,-0.1469967067241668701171875,-0.18981707096099853515625],&quot;rec_event_name&quot;:&quot;recommendations_module&quot;}\">\n<div class=\"wt-grid__item-xs-12 appears-ready\">\n<div class=\" wt-pb-xs-3 \">\n<div class=\"wt-display-flex-xs wt-justify-content-space-between wt-align-items-flex-end wt-height-full\">\n<div class=\"wt-width-full\">\n<div class=\"wt-display-flex-xs wt-flex-direction-row wt-align-items-center wt-justify-content-space-between\">\n<div class=\"wt-display-flex-xs wt-flex-direction-row wt-align-items-center\">\n<div class=\"wt-ml-xs-2\">\n<div class=\"wt-alert wt-alert--fixed-bottom wt-alert--fixed-floating wt-position-fixed wt-alert--success-01 wt-animated wt-animated--is-hidden wt-align-items-center wt-display-flex-xs wt-justify-content-space-between\" aria-hidden=\"true\" aria-disabled=\"true\" data-favorite-shops-alert=\"\">\n<div>\n<p><strong>CITRIN<\/strong> wird auch als Licht-, Lebens- oder Sonnenstein bezeichnet. Er schenkt dir Lebensfreude und Selbstvertrauen.<\/p>\n<p><strong>AQUAMARIN<\/strong> steht f\u00fcr deinen Weitblick, deine Vorausschau und dein Durchhalteverm\u00f6gen. Er kr\u00e4ftigt das Selbstbewusstsein und bringt Helligkeit ins Dunkle. Mit dem Aquamarin gelangt man so auf den richtigen Weg, um das Leben auf ein Ziel auszurichten.<\/p>\n<p><strong>BERGKRISTALL<\/strong> schafft Klarheit, spendet Vitalit\u00e4t und reinigt K\u00f6rper und Seele.<\/p>\n<p><strong>ACHAT<\/strong> st\u00e4rkt das Selbstvertrauen und f\u00f6rdert die Selbstakzeptanz.<\/p>\n<p><strong>SANDELHOLZ<\/strong> zieht positive Energien an und unterst\u00fctzt einen ruhigen, friedlichen Lebensstil. Es wird traditionell zur Herstellung von Malas verwendet und f\u00fchlt sich sanft und wohlig an.<\/p>\n<h5>HANDGEMACHT IN WIEN<\/h5>\n<\/div>\n<\/div>\n<\/div>\n<\/div>\n<\/div>\n<\/div>\n<\/div>\n<\/div>\n<\/div>\n<\/div>\n<\/div>\n<\/div>\n<\/div>\n<\/div>\n<p>Jede Mala Kette wird von uns per Hand in Wien gekn\u00fcpft. In kleiner St\u00fcckzahl oder f\u00fcr dich pers\u00f6nlich. Knoten f\u00fcr Knoten, Perle f\u00fcr Perle, St\u00fcck f\u00fcr St\u00fcck. Mit viel Leidenschaft und noch mehr Herz. Deine Edelsteinkette ist mit hochwertigen Materialien und Liebe zum Detail gefertigt. Die Edelsteine sind mit gro\u00dfer Sorgfalt f\u00fcr die bunte Vielfalt des Lebens selektiert. Diese sind Naturprodukte und k\u00f6nnen in Farbe und Form variieren.<\/p>\n<h5>DETAILS UND GR\u00d6SSE<\/h5>\n<p>+ 108 Perlen: Citrin, Aquamarin, Achat, Bergkristall (6mm)<br \/>\n+ Guru Perle: Sandelholz (8mm)<br \/>\n+ Anh\u00e4nger Spirale: Messing<br \/>\n+ Schmuckperlen: Messing<br \/>\n+ Garn: gelb<br \/>\n+ Quaste: gelb<br \/>\n+ L\u00e4nge der Kette mit Quaste: ca. 50cm<\/p>\n","protected":false},"excerpt":{"rendered":"<p>Lebensfreude \u2013 Mala Kette | Meditation &amp; Yoga | 108 Perlen aus Citrin, Aquamarin, Bergkristall und Achat Deine &#8218;Lebensfreude&#8216; Mala Kette aus Citrin, Aquamarin, Bergkristall und Achat steht f\u00fcr die Vielfalt deines Lebens. Freudvolle Farben von Gelb und Blau unterstreichen das bunte Zusammenwirken der vier Edelsteinen. Messingperlen und ein Messinganh\u00e4nger schm\u00fccken dezent die Edelsteinkette aus [&hellip;]<\/p>\n","protected":false},"featured_media":1276,"comment_status":"open","ping_status":"closed","template":"","meta":{"ocean_post_layout":"","ocean_both_sidebars_style":"","ocean_both_sidebars_content_width":0,"ocean_both_sidebars_sidebars_width":0,"ocean_sidebar":"0","ocean_second_sidebar":"0","ocean_disable_margins":"enable","ocean_add_body_class":"","ocean_shortcode_before_top_bar":"","ocean_shortcode_after_top_bar":"","ocean_shortcode_before_header":"","ocean_shortcode_after_header":"","ocean_has_shortcode":"","ocean_shortcode_after_title":"","ocean_shortcode_before_footer_widgets":"","ocean_shortcode_after_footer_widgets":"","ocean_shortcode_before_footer_bottom":"","ocean_shortcode_after_footer_bottom":"","ocean_display_top_bar":"default","ocean_display_header":"default","ocean_header_style":"","ocean_center_header_left_menu":"0","ocean_custom_header_template":"0","ocean_custom_logo":0,"ocean_custom_retina_logo":0,"ocean_custom_logo_max_width":0,"ocean_custom_logo_tablet_max_width":0,"ocean_custom_logo_mobile_max_width":0,"ocean_custom_logo_max_height":0,"ocean_custom_logo_tablet_max_height":0,"ocean_custom_logo_mobile_max_height":0,"ocean_header_custom_menu":"0","ocean_menu_typo_font_family":"0","ocean_menu_typo_font_subset":"","ocean_menu_typo_font_size":0,"ocean_menu_typo_font_size_tablet":0,"ocean_menu_typo_font_size_mobile":0,"ocean_menu_typo_font_size_unit":"px","ocean_menu_typo_font_weight":"","ocean_menu_typo_font_weight_tablet":"","ocean_menu_typo_font_weight_mobile":"","ocean_menu_typo_transform":"","ocean_menu_typo_transform_tablet":"","ocean_menu_typo_transform_mobile":"","ocean_menu_typo_line_height":0,"ocean_menu_typo_line_height_tablet":0,"ocean_menu_typo_line_height_mobile":0,"ocean_menu_typo_line_height_unit":"","ocean_menu_typo_spacing":0,"ocean_menu_typo_spacing_tablet":0,"ocean_menu_typo_spacing_mobile":0,"ocean_menu_typo_spacing_unit":"","ocean_menu_link_color":"","ocean_menu_link_color_hover":"","ocean_menu_link_color_active":"","ocean_menu_link_background":"","ocean_menu_link_hover_background":"","ocean_menu_link_active_background":"","ocean_menu_social_links_bg":"","ocean_menu_social_hover_links_bg":"","ocean_menu_social_links_color":"","ocean_menu_social_hover_links_color":"","ocean_disable_title":"default","ocean_disable_heading":"default","ocean_post_title":"","ocean_post_subheading":"","ocean_post_title_style":"","ocean_post_title_background_color":"","ocean_post_title_background":0,"ocean_post_title_bg_image_position":"","ocean_post_title_bg_image_attachment":"","ocean_post_title_bg_image_repeat":"","ocean_post_title_bg_image_size":"","ocean_post_title_height":0,"ocean_post_title_bg_overlay":0.5,"ocean_post_title_bg_overlay_color":"","ocean_disable_breadcrumbs":"default","ocean_breadcrumbs_color":"","ocean_breadcrumbs_separator_color":"","ocean_breadcrumbs_links_color":"","ocean_breadcrumbs_links_hover_color":"","ocean_display_footer_widgets":"default","ocean_display_footer_bottom":"default","ocean_custom_footer_template":"0"},"product_brand":[],"product_cat":[145],"product_tag":[170,166,167,162],"class_list":{"0":"post-1274","1":"product","2":"type-product","3":"status-publish","4":"has-post-thumbnail","6":"product_cat-mala-kette","7":"product_tag-achat","8":"product_tag-aquamarin","9":"product_tag-bergkristall","10":"product_tag-citrin","11":"product_shipping_class-paket-europa","13":"entry","14":"has-media","16":"first","17":"outofstock","18":"featured","19":"shipping-taxable","20":"purchasable","21":"product-type-simple","22":"col","23":"span_1_of_3","24":"owp-content-center","25":"owp-thumbs-layout-horizontal","26":"owp-btn-big","27":"owp-tabs-layout-section"},"_links":{"self":[{"href":"https:\/\/dieschneiderei.eu\/index.php?rest_route=\/wp\/v2\/product\/1274","targetHints":{"allow":["GET"]}}],"collection":[{"href":"https:\/\/dieschneiderei.eu\/index.php?rest_route=\/wp\/v2\/product"}],"about":[{"href":"https:\/\/dieschneiderei.eu\/index.php?rest_route=\/wp\/v2\/types\/product"}],"replies":[{"embeddable":true,"href":"https:\/\/dieschneiderei.eu\/index.php?rest_route=%2Fwp%2Fv2%2Fcomments&post=1274"}],"wp:featuredmedia":[{"embeddable":true,"href":"https:\/\/dieschneiderei.eu\/index.php?rest_route=\/wp\/v2\/media\/1276"}],"wp:attachment":[{"href":"https:\/\/dieschneiderei.eu\/index.php?rest_route=%2Fwp%2Fv2%2Fmedia&parent=1274"}],"wp:term":[{"taxonomy":"product_brand","embeddable":true,"href":"https:\/\/dieschneiderei.eu\/index.php?rest_route=%2Fwp%2Fv2%2Fproduct_brand&post=1274"},{"taxonomy":"product_cat","embeddable":true,"href":"https:\/\/dieschneiderei.eu\/index.php?rest_route=%2Fwp%2Fv2%2Fproduct_cat&post=1274"},{"taxonomy":"product_tag","embeddable":true,"href":"https:\/\/dieschneiderei.eu\/index.php?rest_route=%2Fwp%2Fv2%2Fproduct_tag&post=1274"}],"curies":[{"name":"wp","href":"https:\/\/api.w.org\/{rel}","templated":true}]}}