{"id":1305,"date":"2024-09-29T15:09:15","date_gmt":"2024-09-29T15:09:15","guid":{"rendered":"https:\/\/dieschneiderei.eu\/?post_type=product&#038;p=1305"},"modified":"2024-11-11T06:55:33","modified_gmt":"2024-11-11T06:55:33","slug":"down-to-earth-2","status":"publish","type":"product","link":"https:\/\/dieschneiderei.eu\/?product=down-to-earth-2","title":{"rendered":"Down to Earth"},"content":{"rendered":"<h3>Down to Earth \u2013 Mala Kette | Meditation &amp; Yoga | 108 Perlen aus Ozeanjaspis<\/h3>\n<p>Deine &#8220;Down to Earth&#8220; Mala Kette aus Lavastein und Mondstein steht f\u00fcr deine Stabilit\u00e4t und Verbundenheit. Die schwarzen Lavastein- Perlen strahlen Kraft aus und sind farbgebend. Der wei\u00dfe Mondstein bildet besondere Highlights und wirkt ausgleichend innerhalb der Edelsteinkette aus 108 Perlen. Die Farben Schwarz und Wei\u00df und die Energie der Steine wirken wie die dualen Kr\u00e4fte Yin und Yang. Die Guruperle und die schwarze Quaste bilden das Ende und den Neubeginn deiner Malakette.<\/p>\n<h5>WAS IST EINE MALA KETTE?<\/h5>\n<p>Malas sind wie Musen! Sie schenken dir Inspiration und begleiten deinen Lebensweg mit frischen Ideen und Kreativit\u00e4t. Als Meditationskette unterst\u00fctzt dich die Mala dabei, Ziele zu manifestieren. Sie wird durch die Energie von besonderen Edelsteinen gest\u00e4rkt. Die Mala besteht aus 108 Edelsteinperlen, zwischen jeder Perle ist ein Knoten liebevoll handgekn\u00fcpft. Bei der Japa-Meditation l\u00e4sst du die 108 Perlen einzeln durch deine Finger gleiten. Dabei wiederholst du jeweils dein Mantra und festigst deine Intention.<\/p>\n<h5>BEDEUTUNG DER EDELSTEINE UND GURUPERLE<\/h5>\n<p><strong>LAVA<\/strong> ist ein sehr erdender Stein. Er sorgt f\u00fcr deine Stabilit\u00e4t in Zeiten des Wandels. Lava unterst\u00fctzt dich dabei, verbunden und in Kontakt mit deinem Lebensweg zu bleiben.<\/p>\n<p><strong>Mondstein<\/strong> ist der Stein der Frauen. Der Heilstein steigert die Intuition und f\u00f6rdert Gef\u00fchle, Einf\u00fchlungsverm\u00f6gen und Liebe. Dabei schenkt er Lebenskraft, Fr\u00f6hlichkeit und Ausgeglichenheit. Mondstein kann helfen den Hormonhaushalt zu regulieren und steht f\u00fcr Fruchtbarkeit.<\/p>\n<h5>HANDGEMACHT IN WIEN<\/h5>\n<p>Jede Mala Kette wird von und per Hand in Wien gekn\u00fcpft. In kleiner St\u00fcckzahl oder f\u00fcr dich pers\u00f6nlich. Knoten f\u00fcr Knoten, Perle f\u00fcr Perle, St\u00fcck f\u00fcr St\u00fcck. Mit viel Leidenschaft und noch mehr Herz. Deine Edelsteinkette ist mit hochwertigen Materialien und Liebe zum Detail gefertigt. Die Edelsteine sind mit gro\u00dfer Sorgfalt f\u00fcr die bunte Vielfalt des Lebens selektiert. Diese sind Naturprodukte und k\u00f6nnen in Farbe und Form variieren.<\/p>\n<h5>DETAILS UND GR\u00d6SSE<\/h5>\n<p>+ 108 Perlen: Lava und Mondstein (6mm)<br \/>\n+ Guru Perle: Lava (8mm)<br \/>\n+ Schmuckperlen und Anh\u00e4nger: Messing<br \/>\n+ Garn: wei\u00df<br \/>\n+ Quaste: zart schwarz<br \/>\n+ L\u00e4nge der Kette mit Quaste: ca. 50cm<\/p>\n","protected":false},"excerpt":{"rendered":"<p>Down to Earth \u2013 Mala Kette | Meditation &amp; Yoga | 108 Perlen aus Ozeanjaspis Deine &#8220;Down to Earth&#8220; Mala Kette aus Lavastein und Mondstein steht f\u00fcr deine Stabilit\u00e4t und Verbundenheit. Die schwarzen Lavastein- Perlen strahlen Kraft aus und sind farbgebend. Der wei\u00dfe Mondstein bildet besondere Highlights und wirkt ausgleichend innerhalb der Edelsteinkette aus 108 [&hellip;]<\/p>\n","protected":false},"featured_media":1290,"comment_status":"open","ping_status":"closed","template":"","meta":{"ocean_post_layout":"","ocean_both_sidebars_style":"","ocean_both_sidebars_content_width":0,"ocean_both_sidebars_sidebars_width":0,"ocean_sidebar":"0","ocean_second_sidebar":"0","ocean_disable_margins":"enable","ocean_add_body_class":"","ocean_shortcode_before_top_bar":"","ocean_shortcode_after_top_bar":"","ocean_shortcode_before_header":"","ocean_shortcode_after_header":"","ocean_has_shortcode":"","ocean_shortcode_after_title":"","ocean_shortcode_before_footer_widgets":"","ocean_shortcode_after_footer_widgets":"","ocean_shortcode_before_footer_bottom":"","ocean_shortcode_after_footer_bottom":"","ocean_display_top_bar":"default","ocean_display_header":"default","ocean_header_style":"","ocean_center_header_left_menu":"0","ocean_custom_header_template":"0","ocean_custom_logo":0,"ocean_custom_retina_logo":0,"ocean_custom_logo_max_width":0,"ocean_custom_logo_tablet_max_width":0,"ocean_custom_logo_mobile_max_width":0,"ocean_custom_logo_max_height":0,"ocean_custom_logo_tablet_max_height":0,"ocean_custom_logo_mobile_max_height":0,"ocean_header_custom_menu":"0","ocean_menu_typo_font_family":"0","ocean_menu_typo_font_subset":"","ocean_menu_typo_font_size":0,"ocean_menu_typo_font_size_tablet":0,"ocean_menu_typo_font_size_mobile":0,"ocean_menu_typo_font_size_unit":"px","ocean_menu_typo_font_weight":"","ocean_menu_typo_font_weight_tablet":"","ocean_menu_typo_font_weight_mobile":"","ocean_menu_typo_transform":"","ocean_menu_typo_transform_tablet":"","ocean_menu_typo_transform_mobile":"","ocean_menu_typo_line_height":0,"ocean_menu_typo_line_height_tablet":0,"ocean_menu_typo_line_height_mobile":0,"ocean_menu_typo_line_height_unit":"","ocean_menu_typo_spacing":0,"ocean_menu_typo_spacing_tablet":0,"ocean_menu_typo_spacing_mobile":0,"ocean_menu_typo_spacing_unit":"","ocean_menu_link_color":"","ocean_menu_link_color_hover":"","ocean_menu_link_color_active":"","ocean_menu_link_background":"","ocean_menu_link_hover_background":"","ocean_menu_link_active_background":"","ocean_menu_social_links_bg":"","ocean_menu_social_hover_links_bg":"","ocean_menu_social_links_color":"","ocean_menu_social_hover_links_color":"","ocean_disable_title":"default","ocean_disable_heading":"default","ocean_post_title":"","ocean_post_subheading":"","ocean_post_title_style":"","ocean_post_title_background_color":"","ocean_post_title_background":0,"ocean_post_title_bg_image_position":"","ocean_post_title_bg_image_attachment":"","ocean_post_title_bg_image_repeat":"","ocean_post_title_bg_image_size":"","ocean_post_title_height":0,"ocean_post_title_bg_overlay":0.5,"ocean_post_title_bg_overlay_color":"","ocean_disable_breadcrumbs":"default","ocean_breadcrumbs_color":"","ocean_breadcrumbs_separator_color":"","ocean_breadcrumbs_links_color":"","ocean_breadcrumbs_links_hover_color":"","ocean_display_footer_widgets":"default","ocean_display_footer_bottom":"default","ocean_custom_footer_template":"0"},"product_brand":[],"product_cat":[145],"product_tag":[165,168],"class_list":{"0":"post-1305","1":"product","2":"type-product","3":"status-publish","4":"has-post-thumbnail","6":"product_cat-mala-kette","7":"product_tag-lava","8":"product_tag-mondstein","9":"product_shipping_class-paket-europa","11":"entry","12":"has-media","14":"first","15":"instock","16":"sale","17":"featured","18":"shipping-taxable","19":"purchasable","20":"product-type-simple","21":"col","22":"span_1_of_3","23":"owp-content-center","24":"owp-thumbs-layout-horizontal","25":"owp-btn-big","26":"owp-tabs-layout-section"},"_links":{"self":[{"href":"https:\/\/dieschneiderei.eu\/index.php?rest_route=\/wp\/v2\/product\/1305","targetHints":{"allow":["GET"]}}],"collection":[{"href":"https:\/\/dieschneiderei.eu\/index.php?rest_route=\/wp\/v2\/product"}],"about":[{"href":"https:\/\/dieschneiderei.eu\/index.php?rest_route=\/wp\/v2\/types\/product"}],"replies":[{"embeddable":true,"href":"https:\/\/dieschneiderei.eu\/index.php?rest_route=%2Fwp%2Fv2%2Fcomments&post=1305"}],"wp:featuredmedia":[{"embeddable":true,"href":"https:\/\/dieschneiderei.eu\/index.php?rest_route=\/wp\/v2\/media\/1290"}],"wp:attachment":[{"href":"https:\/\/dieschneiderei.eu\/index.php?rest_route=%2Fwp%2Fv2%2Fmedia&parent=1305"}],"wp:term":[{"taxonomy":"product_brand","embeddable":true,"href":"https:\/\/dieschneiderei.eu\/index.php?rest_route=%2Fwp%2Fv2%2Fproduct_brand&post=1305"},{"taxonomy":"product_cat","embeddable":true,"href":"https:\/\/dieschneiderei.eu\/index.php?rest_route=%2Fwp%2Fv2%2Fproduct_cat&post=1305"},{"taxonomy":"product_tag","embeddable":true,"href":"https:\/\/dieschneiderei.eu\/index.php?rest_route=%2Fwp%2Fv2%2Fproduct_tag&post=1305"}],"curies":[{"name":"wp","href":"https:\/\/api.w.org\/{rel}","templated":true}]}}