{"id":1321,"date":"2024-09-29T15:09:15","date_gmt":"2024-09-29T15:09:15","guid":{"rendered":"https:\/\/dieschneiderei.eu\/?post_type=product&#038;p=1321"},"modified":"2025-04-12T19:04:20","modified_gmt":"2025-04-12T19:04:20","slug":"chakra","status":"publish","type":"product","link":"https:\/\/dieschneiderei.eu\/?product=chakra","title":{"rendered":"Chakra"},"content":{"rendered":"<h3 class=\"wt-text-body-01 wt-line-height-tight wt-break-word wt-mt-xs-1\" data-buy-box-listing-title=\"true\">Chakra | Makramee &amp; Edelstein | Armband mit 7 Chakra Steinen<\/h3>\n<p class=\"wt-text-body-03 wt-line-height-tight wt-break-word\" data-buy-box-listing-title=\"true\">Dein Chakra Armband wirkt harmonisierend auf den Fluss deiner Lebensenergie. Sieben verschiedene Edelsteine stehen f\u00fcr deine sieben Chakren. Chakren sind Energiezentren in deinem K\u00f6rper, welche mithilfe der Edelsteine in Einklang gebracht werden.<\/p>\n<h5>BEDEUTUNG DER EDELSTEINE<\/h5>\n<p>1. Wurzelchakra &#8211; Urvertrauen<br \/>\n<strong>ACHAT<\/strong>\u00a0st\u00e4rkt das Selbstvertrauen und f\u00f6rdert die Selbstakzeptanz.<\/p>\n<p>2. Sakralchakra &#8211; Sinnlichkeit<br \/>\n<strong>MONDSTEIN<\/strong> ist der Stein der Frauen. Der Heilstein steigert die Intuition und f\u00f6rdert Gef\u00fchle, Einf\u00fchlungsverm\u00f6gen und Liebe. Dabei schenkt er Lebenskraft, Fr\u00f6hlichkeit und Ausgeglichenheit. Mondstein kann helfen den Hormonhaushalt zu regulieren, steht f\u00fcr Fruchtbarkeit und kann bei einem Kinderwunsch unterst\u00fctzend sein.<\/p>\n<p>3. Solarplexus &#8211; Selbstbewusstsein<br \/>\n<b>CITRIN <\/b>wird auch als Licht-, Lebens- oder Sonnenstein bezeichnet. Er schenkt dir Lebensfreude und Selbstvertrauen.<\/p>\n<p>4. Herzchakra &#8211; Liebe<br \/>\n<strong>ROSENQUARZ<\/strong> schenkt Liebe, Z\u00e4rtlichkeit und Treue. Er schafft Zufriedenheit in deinen Beziehungen. Du f\u00fchlst bedingungslose Liebe zu dir selbst, deinem Baby, deinem Partner und deiner ganzen Familie.<\/p>\n<p>5. Kehlchakra &#8211; Selbstausdruck<br \/>\n<strong>AQUAMARIN<\/strong> steht f\u00fcr deinen Weitblick, deine Vorausschau und dein Durchhalteverm\u00f6gen. Er kr\u00e4ftigt das Selbstbewusstsein und bringt Helligkeit ins Dunkle. Mit dem Aquamarin gelangt man so auf den richtigen Weg, um das Leben auf ein Ziel auszurichten.<\/p>\n<p>6. Drittes Auge &#8211; Intuition<br \/>\n<strong>LAPISLAZULI<\/strong> hilft dir wahrhaftige Freundschaft zu erfahren. Mit ihm findest du dein Innerstes, l\u00f6st dich von schlechten Gewohnheiten und verbesserst deine eigene Glaubw\u00fcrdigkeit.<\/p>\n<p>7. Kronenchakra &#8211; Spiritualit\u00e4t<br \/>\n<strong>AMETHYST<\/strong>\u00a0zeigt dir den Weg zu deiner Seele, deiner Harmonie und deiner Spiritualit\u00e4t. Er reinigt deinen Geist und deine Gedanken, sodass du intuitiv neue Perspektiven erkennst. Mit Ruhe und Geborgenheit unterst\u00fctzt er deine Meditation.<\/p>\n<h5>HANDGEMACHT IN WIEN<\/h5>\n<p>Jedes Armband wird von uns per Hand in Wien gekn\u00fcpft. In kleiner St\u00fcckzahl oder f\u00fcr dich pers\u00f6nlich. Knoten f\u00fcr Knoten, Perle f\u00fcr Perle, St\u00fcck f\u00fcr St\u00fcck. Mit viel Leidenschaft und noch mehr Herz. Dein Edelsteinarmband ist mit hochwertigen Materialien und Liebe zum Detail gefertigt. Die Edelsteine sind mit gro\u00dfer Sorgfalt f\u00fcr die bunte Vielfalt des Lebens selektiert. Die Steine sind Naturprodukte und k\u00f6nnen in Farbe und Form variieren. Der Linhasita Makramee Garn ist ein starker Begleiter und erstrahlt lange in den sch\u00f6nsten Farben des Lebens. Mit dem Schiebeverschluss ist dein Armband beliebig einstellbar und passt um jedes Handgelenk.<\/p>\n<h5>DETAILS UND GR\u00d6SSE<\/h5>\n<p>+ Edelstein Perlen: Achat, Mondstein, Citrin, Rosenquarz, Aquamarin, Lapislazuli, Amethyst (6mm)<br \/>\n+ Messingperlen<br \/>\n+ Makramee Garn: Sand<br \/>\n+ Schiebeverschluss &#8211; individuell anpassbar<br \/>\n+ Umfang des Armbands: max. 25cm<\/p>\n","protected":false},"excerpt":{"rendered":"<p>Chakra | Makramee &amp; Edelstein | Armband mit 7 Chakra Steinen Dein Chakra Armband wirkt harmonisierend auf den Fluss deiner Lebensenergie. Sieben verschiedene Edelsteine stehen f\u00fcr deine sieben Chakren. Chakren sind Energiezentren in deinem K\u00f6rper, welche mithilfe der Edelsteine in Einklang gebracht werden. BEDEUTUNG DER EDELSTEINE 1. Wurzelchakra &#8211; Urvertrauen ACHAT\u00a0st\u00e4rkt das Selbstvertrauen und f\u00f6rdert [&hellip;]<\/p>\n","protected":false},"featured_media":1329,"comment_status":"open","ping_status":"closed","template":"","meta":{"ocean_post_layout":"","ocean_both_sidebars_style":"","ocean_both_sidebars_content_width":0,"ocean_both_sidebars_sidebars_width":0,"ocean_sidebar":"0","ocean_second_sidebar":"0","ocean_disable_margins":"enable","ocean_add_body_class":"","ocean_shortcode_before_top_bar":"","ocean_shortcode_after_top_bar":"","ocean_shortcode_before_header":"","ocean_shortcode_after_header":"","ocean_has_shortcode":"","ocean_shortcode_after_title":"","ocean_shortcode_before_footer_widgets":"","ocean_shortcode_after_footer_widgets":"","ocean_shortcode_before_footer_bottom":"","ocean_shortcode_after_footer_bottom":"","ocean_display_top_bar":"default","ocean_display_header":"default","ocean_header_style":"","ocean_center_header_left_menu":"0","ocean_custom_header_template":"0","ocean_custom_logo":0,"ocean_custom_retina_logo":0,"ocean_custom_logo_max_width":0,"ocean_custom_logo_tablet_max_width":0,"ocean_custom_logo_mobile_max_width":0,"ocean_custom_logo_max_height":0,"ocean_custom_logo_tablet_max_height":0,"ocean_custom_logo_mobile_max_height":0,"ocean_header_custom_menu":"0","ocean_menu_typo_font_family":"0","ocean_menu_typo_font_subset":"","ocean_menu_typo_font_size":0,"ocean_menu_typo_font_size_tablet":0,"ocean_menu_typo_font_size_mobile":0,"ocean_menu_typo_font_size_unit":"px","ocean_menu_typo_font_weight":"","ocean_menu_typo_font_weight_tablet":"","ocean_menu_typo_font_weight_mobile":"","ocean_menu_typo_transform":"","ocean_menu_typo_transform_tablet":"","ocean_menu_typo_transform_mobile":"","ocean_menu_typo_line_height":0,"ocean_menu_typo_line_height_tablet":0,"ocean_menu_typo_line_height_mobile":0,"ocean_menu_typo_line_height_unit":"","ocean_menu_typo_spacing":0,"ocean_menu_typo_spacing_tablet":0,"ocean_menu_typo_spacing_mobile":0,"ocean_menu_typo_spacing_unit":"","ocean_menu_link_color":"","ocean_menu_link_color_hover":"","ocean_menu_link_color_active":"","ocean_menu_link_background":"","ocean_menu_link_hover_background":"","ocean_menu_link_active_background":"","ocean_menu_social_links_bg":"","ocean_menu_social_hover_links_bg":"","ocean_menu_social_links_color":"","ocean_menu_social_hover_links_color":"","ocean_disable_title":"default","ocean_disable_heading":"default","ocean_post_title":"","ocean_post_subheading":"","ocean_post_title_style":"","ocean_post_title_background_color":"","ocean_post_title_background":0,"ocean_post_title_bg_image_position":"","ocean_post_title_bg_image_attachment":"","ocean_post_title_bg_image_repeat":"","ocean_post_title_bg_image_size":"","ocean_post_title_height":0,"ocean_post_title_bg_overlay":0.5,"ocean_post_title_bg_overlay_color":"","ocean_disable_breadcrumbs":"default","ocean_breadcrumbs_color":"","ocean_breadcrumbs_separator_color":"","ocean_breadcrumbs_links_color":"","ocean_breadcrumbs_links_hover_color":"","ocean_display_footer_widgets":"default","ocean_display_footer_bottom":"default","ocean_custom_footer_template":"0"},"product_brand":[],"product_cat":[153],"product_tag":[170,163,166,167,162,161,169],"class_list":{"0":"post-1321","1":"product","2":"type-product","3":"status-publish","4":"has-post-thumbnail","6":"product_cat-armband","7":"product_tag-achat","8":"product_tag-amethyst","9":"product_tag-aquamarin","10":"product_tag-bergkristall","11":"product_tag-citrin","12":"product_tag-lapislazuli","13":"product_tag-rosenquarz","15":"entry","16":"has-media","18":"first","19":"instock","20":"sold-individually","21":"shipping-taxable","22":"purchasable","23":"product-type-simple","24":"col","25":"span_1_of_3","26":"owp-content-center","27":"owp-thumbs-layout-horizontal","28":"owp-btn-big","29":"owp-tabs-layout-section"},"_links":{"self":[{"href":"https:\/\/dieschneiderei.eu\/index.php?rest_route=\/wp\/v2\/product\/1321","targetHints":{"allow":["GET"]}}],"collection":[{"href":"https:\/\/dieschneiderei.eu\/index.php?rest_route=\/wp\/v2\/product"}],"about":[{"href":"https:\/\/dieschneiderei.eu\/index.php?rest_route=\/wp\/v2\/types\/product"}],"replies":[{"embeddable":true,"href":"https:\/\/dieschneiderei.eu\/index.php?rest_route=%2Fwp%2Fv2%2Fcomments&post=1321"}],"wp:featuredmedia":[{"embeddable":true,"href":"https:\/\/dieschneiderei.eu\/index.php?rest_route=\/wp\/v2\/media\/1329"}],"wp:attachment":[{"href":"https:\/\/dieschneiderei.eu\/index.php?rest_route=%2Fwp%2Fv2%2Fmedia&parent=1321"}],"wp:term":[{"taxonomy":"product_brand","embeddable":true,"href":"https:\/\/dieschneiderei.eu\/index.php?rest_route=%2Fwp%2Fv2%2Fproduct_brand&post=1321"},{"taxonomy":"product_cat","embeddable":true,"href":"https:\/\/dieschneiderei.eu\/index.php?rest_route=%2Fwp%2Fv2%2Fproduct_cat&post=1321"},{"taxonomy":"product_tag","embeddable":true,"href":"https:\/\/dieschneiderei.eu\/index.php?rest_route=%2Fwp%2Fv2%2Fproduct_tag&post=1321"}],"curies":[{"name":"wp","href":"https:\/\/api.w.org\/{rel}","templated":true}]}}