{"id":1715,"date":"2024-09-29T15:09:15","date_gmt":"2024-09-29T15:09:15","guid":{"rendered":"https:\/\/dieschneiderei.eu\/?post_type=product&#038;p=1715"},"modified":"2025-12-12T07:36:49","modified_gmt":"2025-12-12T07:36:49","slug":"true-purpose","status":"publish","type":"product","link":"https:\/\/dieschneiderei.eu\/?product=true-purpose","title":{"rendered":"True Purpose"},"content":{"rendered":"<h3>True Puropse \u2013 Mala Kette | Meditation &amp; Yoga | 108 Edelsteinperlen aus <strong>Lapislazuli, Aquamarin und Bergkristall<\/strong><\/h3>\n<p>Die \u201eTrue Purpose\u201c Mala schickt dich auf eine Reise zu deiner authentischen Vision. Du beh\u00e4ltst einen klaren Blick f\u00fcr deine Ziele und f\u00fcr deine wahre Bestimmung. Dabei navigierst du entlang deiner Werte und bleibst dir selbst treu.<\/p>\n<p>Die \u201eTrue Purpose&#8220; Mala Kette ist aus 108 Edelsteinperlen mit blauem Lapislazuli, Aquamarin und klaren Bergkristall handgekn\u00fcpft. Die Guruperle aus Bergkristall bildet den Beginn und das Ende deiner Edelsteinkette und deiner Meditation.<\/p>\n<h5>WAS IST EINE MALA KETTE?<\/h5>\n<p>Malas sind wie Musen! Sie schenken dir Inspiration und begleiten deinen Lebensweg mit frischen Ideen und Kreativit\u00e4t. Als Meditationskette unterst\u00fctzt dich die Mala dabei, Ziele zu manifestieren. Sie wird durch die Energie von besonderen Edelsteinen gest\u00e4rkt. Die Mala besteht aus 108 Edelsteinperlen, zwischen jeder Perle ist ein Knoten liebevoll handgekn\u00fcpft. Bei der Japa-Meditation l\u00e4sst du die 108 Perlen einzeln durch deine Finger gleiten. Dabei wiederholst du jeweils dein Mantra und festigst deine Intention.<\/p>\n<h5>BEDEUTUNG DER EDELSTEINE UND GURUPERLE<\/h5>\n<p><strong>AQUAMARIN<\/strong> steht f\u00fcr deinen Weitblick, deine Vorausschau und dein Durchhalteverm\u00f6gen. Er kr\u00e4ftigt dein Selbstbewusstsein. So bleibst du am richtigen Weg, um deine Ziele zu erreichen.<\/p>\n<p><strong>LAPISLAZULI<\/strong> hilft dir authentisch zu bleiben und wahrhaftige Freundschaft zu erfahren. Mit ihm findest du dein Innerstes, l\u00f6st dich von schlechten Gewohnheiten und verbesserst deine eigene Glaubw\u00fcrdigkeit.<\/p>\n<p><strong>BERGKRISTALL<\/strong> schafft Klarheit, spendet Vitalit\u00e4t und reinigt K\u00f6rper, Geist und Seele.<\/p>\n<h5>HANDGEMACHT IN WIEN<\/h5>\n<p>Jede Mala Kette wird von uns per Hand in Wien gekn\u00fcpft. In kleiner St\u00fcckzahl oder f\u00fcr dich pers\u00f6nlich. Knoten f\u00fcr Knoten, Perle f\u00fcr Perle, St\u00fcck f\u00fcr St\u00fcck. Mit viel Leidenschaft und noch mehr Herz. Deine Edelsteinkette ist mit hochwertigen Materialien und Liebe zum Detail gefertigt. Die Edelsteine sind mit gro\u00dfer Sorgfalt f\u00fcr die bunte Vielfalt des Lebens selektiert. Diese sind Naturprodukte und k\u00f6nnen in Farbe und Form variieren.<\/p>\n<h5>DETAILS UND GR\u00d6SSE<\/h5>\n<p>+ 108 Perlen: Lapislazuli, Aquamarin, Bergkristall (6mm)<br \/>\n+ Guru Perle: Bergkristall (15mm)<br \/>\n+ Schmuckperlen: Silber (925 Sterling)<br \/>\n+ Garn: wei\u00df<br \/>\n+ L\u00e4nge der Kette: ca. 50cm<\/p>\n","protected":false},"excerpt":{"rendered":"<p>True Puropse \u2013 Mala Kette | Meditation &amp; Yoga | 108 Edelsteinperlen aus Lapislazuli, Aquamarin und Bergkristall Die \u201eTrue Purpose\u201c Mala schickt dich auf eine Reise zu deiner authentischen Vision. Du beh\u00e4ltst einen klaren Blick f\u00fcr deine Ziele und f\u00fcr deine wahre Bestimmung. Dabei navigierst du entlang deiner Werte und bleibst dir selbst treu. Die [&hellip;]<\/p>\n","protected":false},"featured_media":1717,"comment_status":"open","ping_status":"closed","template":"","meta":{"ocean_post_layout":"","ocean_both_sidebars_style":"","ocean_both_sidebars_content_width":0,"ocean_both_sidebars_sidebars_width":0,"ocean_sidebar":"0","ocean_second_sidebar":"0","ocean_disable_margins":"enable","ocean_add_body_class":"","ocean_shortcode_before_top_bar":"","ocean_shortcode_after_top_bar":"","ocean_shortcode_before_header":"","ocean_shortcode_after_header":"","ocean_has_shortcode":"","ocean_shortcode_after_title":"","ocean_shortcode_before_footer_widgets":"","ocean_shortcode_after_footer_widgets":"","ocean_shortcode_before_footer_bottom":"","ocean_shortcode_after_footer_bottom":"","ocean_display_top_bar":"default","ocean_display_header":"default","ocean_header_style":"","ocean_center_header_left_menu":"0","ocean_custom_header_template":"0","ocean_custom_logo":0,"ocean_custom_retina_logo":0,"ocean_custom_logo_max_width":0,"ocean_custom_logo_tablet_max_width":0,"ocean_custom_logo_mobile_max_width":0,"ocean_custom_logo_max_height":0,"ocean_custom_logo_tablet_max_height":0,"ocean_custom_logo_mobile_max_height":0,"ocean_header_custom_menu":"0","ocean_menu_typo_font_family":"0","ocean_menu_typo_font_subset":"","ocean_menu_typo_font_size":0,"ocean_menu_typo_font_size_tablet":0,"ocean_menu_typo_font_size_mobile":0,"ocean_menu_typo_font_size_unit":"px","ocean_menu_typo_font_weight":"","ocean_menu_typo_font_weight_tablet":"","ocean_menu_typo_font_weight_mobile":"","ocean_menu_typo_transform":"","ocean_menu_typo_transform_tablet":"","ocean_menu_typo_transform_mobile":"","ocean_menu_typo_line_height":0,"ocean_menu_typo_line_height_tablet":0,"ocean_menu_typo_line_height_mobile":0,"ocean_menu_typo_line_height_unit":"","ocean_menu_typo_spacing":0,"ocean_menu_typo_spacing_tablet":0,"ocean_menu_typo_spacing_mobile":0,"ocean_menu_typo_spacing_unit":"","ocean_menu_link_color":"","ocean_menu_link_color_hover":"","ocean_menu_link_color_active":"","ocean_menu_link_background":"","ocean_menu_link_hover_background":"","ocean_menu_link_active_background":"","ocean_menu_social_links_bg":"","ocean_menu_social_hover_links_bg":"","ocean_menu_social_links_color":"","ocean_menu_social_hover_links_color":"","ocean_disable_title":"default","ocean_disable_heading":"default","ocean_post_title":"","ocean_post_subheading":"","ocean_post_title_style":"","ocean_post_title_background_color":"","ocean_post_title_background":0,"ocean_post_title_bg_image_position":"","ocean_post_title_bg_image_attachment":"","ocean_post_title_bg_image_repeat":"","ocean_post_title_bg_image_size":"","ocean_post_title_height":0,"ocean_post_title_bg_overlay":0.5,"ocean_post_title_bg_overlay_color":"","ocean_disable_breadcrumbs":"default","ocean_breadcrumbs_color":"","ocean_breadcrumbs_separator_color":"","ocean_breadcrumbs_links_color":"","ocean_breadcrumbs_links_hover_color":"","ocean_display_footer_widgets":"default","ocean_display_footer_bottom":"default","ocean_custom_footer_template":"0"},"product_brand":[],"product_cat":[145],"product_tag":[166,167,161],"class_list":{"0":"post-1715","1":"product","2":"type-product","3":"status-publish","4":"has-post-thumbnail","6":"product_cat-mala-kette","7":"product_tag-aquamarin","8":"product_tag-bergkristall","9":"product_tag-lapislazuli","10":"product_shipping_class-paket-europa","12":"entry","13":"has-media","15":"first","16":"instock","17":"featured","18":"sold-individually","19":"shipping-taxable","20":"purchasable","21":"product-type-simple","22":"col","23":"span_1_of_3","24":"owp-content-center","25":"owp-thumbs-layout-horizontal","26":"owp-btn-big","27":"owp-tabs-layout-section"},"_links":{"self":[{"href":"https:\/\/dieschneiderei.eu\/index.php?rest_route=\/wp\/v2\/product\/1715","targetHints":{"allow":["GET"]}}],"collection":[{"href":"https:\/\/dieschneiderei.eu\/index.php?rest_route=\/wp\/v2\/product"}],"about":[{"href":"https:\/\/dieschneiderei.eu\/index.php?rest_route=\/wp\/v2\/types\/product"}],"replies":[{"embeddable":true,"href":"https:\/\/dieschneiderei.eu\/index.php?rest_route=%2Fwp%2Fv2%2Fcomments&post=1715"}],"wp:featuredmedia":[{"embeddable":true,"href":"https:\/\/dieschneiderei.eu\/index.php?rest_route=\/wp\/v2\/media\/1717"}],"wp:attachment":[{"href":"https:\/\/dieschneiderei.eu\/index.php?rest_route=%2Fwp%2Fv2%2Fmedia&parent=1715"}],"wp:term":[{"taxonomy":"product_brand","embeddable":true,"href":"https:\/\/dieschneiderei.eu\/index.php?rest_route=%2Fwp%2Fv2%2Fproduct_brand&post=1715"},{"taxonomy":"product_cat","embeddable":true,"href":"https:\/\/dieschneiderei.eu\/index.php?rest_route=%2Fwp%2Fv2%2Fproduct_cat&post=1715"},{"taxonomy":"product_tag","embeddable":true,"href":"https:\/\/dieschneiderei.eu\/index.php?rest_route=%2Fwp%2Fv2%2Fproduct_tag&post=1715"}],"curies":[{"name":"wp","href":"https:\/\/api.w.org\/{rel}","templated":true}]}}