{"id":1828,"date":"2024-09-29T15:07:25","date_gmt":"2024-09-29T15:07:25","guid":{"rendered":"https:\/\/dieschneiderei.eu\/?post_type=product&#038;p=1828"},"modified":"2024-09-29T16:31:12","modified_gmt":"2024-09-29T16:31:12","slug":"beach-vibes","status":"publish","type":"product","link":"https:\/\/dieschneiderei.eu\/?product=beach-vibes","title":{"rendered":"Beach Vibes"},"content":{"rendered":"<h3 class=\"wt-text-body-03 wt-line-height-tight wt-break-word\" data-buy-box-listing-title=\"true\">Beach Vibes | Makramee &amp; Edelstein | Armband mit Amethyst | Sand<\/h3>\n<p>Das \u201eBeach Vibes\u201c Makramee Armband nimmt dich mit auf eine Gedankenreise zu einem entspannenden Strandspaziergang. Schwungvolles Makramee ist geformt zu Symmetrien und verzaubert dich mit Vibes aus 1001 Nacht. Der Energie Schmuck ist mit einer Edelsteinperle aus lila Amethyst sowie Messingperlen handgekn\u00fcpft.<\/p>\n<h5>BEDEUTUNG DES EDELSTEINS<\/h5>\n<p><strong>AMETHYST<\/strong>\u00a0zeigt dir den Weg zu deiner Seele, deiner Harmonie und deiner Spiritualit\u00e4t. Er reinigt deinen Geist und deine Gedanken, sodass du intuitiv neue Perspektiven erkennst. Mit Ruhe und Geborgenheit unterst\u00fctzt er deine Meditation.<\/p>\n<h5>HANDGEMACHT IN WIEN<\/h5>\n<p>Jedes Armband wird von uns per Hand in Wien gekn\u00fcpft. In kleiner St\u00fcckzahl oder f\u00fcr dich pers\u00f6nlich. Knoten f\u00fcr Knoten, Perle f\u00fcr Perle, St\u00fcck f\u00fcr St\u00fcck. Mit viel Leidenschaft und noch mehr Herz. Dein Makrameearmband ist mit hochwertigen Materialien und Liebe zum Detail gefertigt. Der Edelstein ist mit gro\u00dfer Sorgfalt f\u00fcr die bunte Vielfalt des Lebens selektiert. Steine sind Naturprodukte und k\u00f6nnen in Farbe und Form variieren. Der Linhasita Makramee Garn ist ein starker Begleiter und erstrahlt lange in den sch\u00f6nsten Farben des Lebens. Dank Schiebeverschluss passt dein Armband um jedes Handgelenk.<\/p>\n<h5>DETAILS UND GR\u00d6SSE<\/h5>\n<p>+ Edelstein Perle: Amethyst (6mm)<br \/>\n+ Messingperlen<br \/>\n+ Makramee Garn: Sand<br \/>\n+ Schiebeverschluss &#8211;\u00a0individuell anpassbar<br \/>\n+ Umfang des Armbands: max. 25cm<\/p>\n<h5><strong>STYLE GUIDE<\/strong><\/h5>\n<p>Kombiniere dein Armband mit der &#8222;Beach Vibes&#8220; Choker Kette f\u00fcr deinen harmonischen Look.<\/p>\n","protected":false},"excerpt":{"rendered":"<p>Beach Vibes | Makramee &amp; Edelstein | Armband mit Amethyst | Sand Das \u201eBeach Vibes\u201c Makramee Armband nimmt dich mit auf eine Gedankenreise zu einem entspannenden Strandspaziergang. Schwungvolles Makramee ist geformt zu Symmetrien und verzaubert dich mit Vibes aus 1001 Nacht. Der Energie Schmuck ist mit einer Edelsteinperle aus lila Amethyst sowie Messingperlen handgekn\u00fcpft. BEDEUTUNG [&hellip;]<\/p>\n","protected":false},"featured_media":1830,"comment_status":"open","ping_status":"closed","template":"","meta":{"ocean_post_layout":"","ocean_both_sidebars_style":"","ocean_both_sidebars_content_width":0,"ocean_both_sidebars_sidebars_width":0,"ocean_sidebar":"0","ocean_second_sidebar":"0","ocean_disable_margins":"enable","ocean_add_body_class":"","ocean_shortcode_before_top_bar":"","ocean_shortcode_after_top_bar":"","ocean_shortcode_before_header":"","ocean_shortcode_after_header":"","ocean_has_shortcode":"","ocean_shortcode_after_title":"","ocean_shortcode_before_footer_widgets":"","ocean_shortcode_after_footer_widgets":"","ocean_shortcode_before_footer_bottom":"","ocean_shortcode_after_footer_bottom":"","ocean_display_top_bar":"default","ocean_display_header":"default","ocean_header_style":"","ocean_center_header_left_menu":"0","ocean_custom_header_template":"0","ocean_custom_logo":0,"ocean_custom_retina_logo":0,"ocean_custom_logo_max_width":0,"ocean_custom_logo_tablet_max_width":0,"ocean_custom_logo_mobile_max_width":0,"ocean_custom_logo_max_height":0,"ocean_custom_logo_tablet_max_height":0,"ocean_custom_logo_mobile_max_height":0,"ocean_header_custom_menu":"0","ocean_menu_typo_font_family":"0","ocean_menu_typo_font_subset":"","ocean_menu_typo_font_size":0,"ocean_menu_typo_font_size_tablet":0,"ocean_menu_typo_font_size_mobile":0,"ocean_menu_typo_font_size_unit":"px","ocean_menu_typo_font_weight":"","ocean_menu_typo_font_weight_tablet":"","ocean_menu_typo_font_weight_mobile":"","ocean_menu_typo_transform":"","ocean_menu_typo_transform_tablet":"","ocean_menu_typo_transform_mobile":"","ocean_menu_typo_line_height":0,"ocean_menu_typo_line_height_tablet":0,"ocean_menu_typo_line_height_mobile":0,"ocean_menu_typo_line_height_unit":"","ocean_menu_typo_spacing":0,"ocean_menu_typo_spacing_tablet":0,"ocean_menu_typo_spacing_mobile":0,"ocean_menu_typo_spacing_unit":"","ocean_menu_link_color":"","ocean_menu_link_color_hover":"","ocean_menu_link_color_active":"","ocean_menu_link_background":"","ocean_menu_link_hover_background":"","ocean_menu_link_active_background":"","ocean_menu_social_links_bg":"","ocean_menu_social_hover_links_bg":"","ocean_menu_social_links_color":"","ocean_menu_social_hover_links_color":"","ocean_disable_title":"default","ocean_disable_heading":"default","ocean_post_title":"","ocean_post_subheading":"","ocean_post_title_style":"","ocean_post_title_background_color":"","ocean_post_title_background":0,"ocean_post_title_bg_image_position":"","ocean_post_title_bg_image_attachment":"","ocean_post_title_bg_image_repeat":"","ocean_post_title_bg_image_size":"","ocean_post_title_height":0,"ocean_post_title_bg_overlay":0.5,"ocean_post_title_bg_overlay_color":"","ocean_disable_breadcrumbs":"default","ocean_breadcrumbs_color":"","ocean_breadcrumbs_separator_color":"","ocean_breadcrumbs_links_color":"","ocean_breadcrumbs_links_hover_color":"","ocean_display_footer_widgets":"default","ocean_display_footer_bottom":"default","ocean_custom_footer_template":"0"},"product_brand":[],"product_cat":[153],"product_tag":[163],"class_list":{"0":"post-1828","1":"product","2":"type-product","3":"status-publish","4":"has-post-thumbnail","6":"product_cat-armband","7":"product_tag-amethyst","9":"entry","10":"has-media","12":"first","13":"instock","14":"sold-individually","15":"shipping-taxable","16":"purchasable","17":"product-type-simple","18":"col","19":"span_1_of_3","20":"owp-content-center","21":"owp-thumbs-layout-horizontal","22":"owp-btn-big","23":"owp-tabs-layout-section"},"_links":{"self":[{"href":"https:\/\/dieschneiderei.eu\/index.php?rest_route=\/wp\/v2\/product\/1828","targetHints":{"allow":["GET"]}}],"collection":[{"href":"https:\/\/dieschneiderei.eu\/index.php?rest_route=\/wp\/v2\/product"}],"about":[{"href":"https:\/\/dieschneiderei.eu\/index.php?rest_route=\/wp\/v2\/types\/product"}],"replies":[{"embeddable":true,"href":"https:\/\/dieschneiderei.eu\/index.php?rest_route=%2Fwp%2Fv2%2Fcomments&post=1828"}],"wp:featuredmedia":[{"embeddable":true,"href":"https:\/\/dieschneiderei.eu\/index.php?rest_route=\/wp\/v2\/media\/1830"}],"wp:attachment":[{"href":"https:\/\/dieschneiderei.eu\/index.php?rest_route=%2Fwp%2Fv2%2Fmedia&parent=1828"}],"wp:term":[{"taxonomy":"product_brand","embeddable":true,"href":"https:\/\/dieschneiderei.eu\/index.php?rest_route=%2Fwp%2Fv2%2Fproduct_brand&post=1828"},{"taxonomy":"product_cat","embeddable":true,"href":"https:\/\/dieschneiderei.eu\/index.php?rest_route=%2Fwp%2Fv2%2Fproduct_cat&post=1828"},{"taxonomy":"product_tag","embeddable":true,"href":"https:\/\/dieschneiderei.eu\/index.php?rest_route=%2Fwp%2Fv2%2Fproduct_tag&post=1828"}],"curies":[{"name":"wp","href":"https:\/\/api.w.org\/{rel}","templated":true}]}}