{"id":1842,"date":"2024-09-29T15:07:25","date_gmt":"2024-09-29T15:07:25","guid":{"rendered":"https:\/\/dieschneiderei.eu\/?post_type=product&#038;p=1842"},"modified":"2024-12-19T00:11:21","modified_gmt":"2024-12-19T00:11:21","slug":"sunset","status":"publish","type":"product","link":"https:\/\/dieschneiderei.eu\/?product=sunset","title":{"rendered":"Sunset"},"content":{"rendered":"<h3 class=\"wt-text-body-03 wt-line-height-tight wt-break-word\" data-buy-box-listing-title=\"true\">Sunset | Makramee &amp; Edelstein | Choker Kette mit Citrin | Lila<\/h3>\n<p>Mit dem \u201eSuinset\u201c Makramee Choker l\u00e4sst du dich von der Sonneseite deines Lebens verzaubern. Schwungvolles Makramee ist geformt zu Symmetrien und verzaubert dich mit mystischen Vibes aus 1001 Nacht. Der Energie Schmuck ist mit einer Edelsteinperle aus creme gelbem Citrin, einem Sonnen Anh\u00e4nger sowie Messingperlen handgekn\u00fcpft.<\/p>\n<h5>BEDEUTUNG DES EDELSTEINS<\/h5>\n<p><b>CITRIN <\/b>wird auch als Licht-, Lebens- oder Sonnenstein bezeichnet. Er schenkt dir Lebensfreude und Selbstvertrauen.<\/p>\n<h5>HANDGEMACHT IN WIEN<\/h5>\n<p>Jede Kette wird von uns per Hand in Wien gekn\u00fcpft. In kleiner St\u00fcckzahl oder f\u00fcr dich pers\u00f6nlich. Knoten f\u00fcr Knoten, Perle f\u00fcr Perle, St\u00fcck f\u00fcr St\u00fcck. Mit viel Leidenschaft und noch mehr Herz. Deine Makrameekette ist mit hochwertigen Materialien und Liebe zum Detail gefertigt. Der Edelstein ist mit gro\u00dfer Sorgfalt f\u00fcr die bunte Vielfalt des Lebens selektiert. Steine sind Naturprodukte und k\u00f6nnen in Farbe und Form variieren. Messing ist \u00fcberall dabei: im Wasser, beim Ausgehen und auf Reisen. Der Linhasita Makramee Garn ist ein starker Begleiter und erstrahlt lange in den sch\u00f6nsten Farben des Lebens. Dank Schiebeverschluss ist deine Kette beliebig l\u00e4ngenverstellbar. Du kannst sie in deiner liebsten L\u00e4nge individuell als Choker und Kette tragen.<\/p>\n<h5>DETAILS UND GR\u00d6SSE<\/h5>\n<p>+ Edelstein Perle: Citrin (6mm)<br \/>\n+ Messingperlen<br \/>\n+ Sonnen Anh\u00e4nger: Messing<br \/>\n+ Makramee Garn: Lila<br \/>\n+ Schiebeverschluss &#8211; l\u00e4ngenverstellbar<br \/>\n+ L\u00e4nge der Kette: max. 35cm<\/p>\n","protected":false},"excerpt":{"rendered":"<p>Sunset | Makramee &amp; Edelstein | Choker Kette mit Citrin | Lila Mit dem \u201eSuinset\u201c Makramee Choker l\u00e4sst du dich von der Sonneseite deines Lebens verzaubern. Schwungvolles Makramee ist geformt zu Symmetrien und verzaubert dich mit mystischen Vibes aus 1001 Nacht. Der Energie Schmuck ist mit einer Edelsteinperle aus creme gelbem Citrin, einem Sonnen Anh\u00e4nger [&hellip;]<\/p>\n","protected":false},"featured_media":1845,"comment_status":"open","ping_status":"closed","template":"","meta":{"ocean_post_layout":"","ocean_both_sidebars_style":"","ocean_both_sidebars_content_width":0,"ocean_both_sidebars_sidebars_width":0,"ocean_sidebar":"0","ocean_second_sidebar":"0","ocean_disable_margins":"enable","ocean_add_body_class":"","ocean_shortcode_before_top_bar":"","ocean_shortcode_after_top_bar":"","ocean_shortcode_before_header":"","ocean_shortcode_after_header":"","ocean_has_shortcode":"","ocean_shortcode_after_title":"","ocean_shortcode_before_footer_widgets":"","ocean_shortcode_after_footer_widgets":"","ocean_shortcode_before_footer_bottom":"","ocean_shortcode_after_footer_bottom":"","ocean_display_top_bar":"default","ocean_display_header":"default","ocean_header_style":"","ocean_center_header_left_menu":"0","ocean_custom_header_template":"0","ocean_custom_logo":0,"ocean_custom_retina_logo":0,"ocean_custom_logo_max_width":0,"ocean_custom_logo_tablet_max_width":0,"ocean_custom_logo_mobile_max_width":0,"ocean_custom_logo_max_height":0,"ocean_custom_logo_tablet_max_height":0,"ocean_custom_logo_mobile_max_height":0,"ocean_header_custom_menu":"0","ocean_menu_typo_font_family":"0","ocean_menu_typo_font_subset":"","ocean_menu_typo_font_size":0,"ocean_menu_typo_font_size_tablet":0,"ocean_menu_typo_font_size_mobile":0,"ocean_menu_typo_font_size_unit":"px","ocean_menu_typo_font_weight":"","ocean_menu_typo_font_weight_tablet":"","ocean_menu_typo_font_weight_mobile":"","ocean_menu_typo_transform":"","ocean_menu_typo_transform_tablet":"","ocean_menu_typo_transform_mobile":"","ocean_menu_typo_line_height":0,"ocean_menu_typo_line_height_tablet":0,"ocean_menu_typo_line_height_mobile":0,"ocean_menu_typo_line_height_unit":"","ocean_menu_typo_spacing":0,"ocean_menu_typo_spacing_tablet":0,"ocean_menu_typo_spacing_mobile":0,"ocean_menu_typo_spacing_unit":"","ocean_menu_link_color":"","ocean_menu_link_color_hover":"","ocean_menu_link_color_active":"","ocean_menu_link_background":"","ocean_menu_link_hover_background":"","ocean_menu_link_active_background":"","ocean_menu_social_links_bg":"","ocean_menu_social_hover_links_bg":"","ocean_menu_social_links_color":"","ocean_menu_social_hover_links_color":"","ocean_disable_title":"default","ocean_disable_heading":"default","ocean_post_title":"","ocean_post_subheading":"","ocean_post_title_style":"","ocean_post_title_background_color":"","ocean_post_title_background":0,"ocean_post_title_bg_image_position":"","ocean_post_title_bg_image_attachment":"","ocean_post_title_bg_image_repeat":"","ocean_post_title_bg_image_size":"","ocean_post_title_height":0,"ocean_post_title_bg_overlay":0.5,"ocean_post_title_bg_overlay_color":"","ocean_disable_breadcrumbs":"default","ocean_breadcrumbs_color":"","ocean_breadcrumbs_separator_color":"","ocean_breadcrumbs_links_color":"","ocean_breadcrumbs_links_hover_color":"","ocean_display_footer_widgets":"default","ocean_display_footer_bottom":"default","ocean_custom_footer_template":"0"},"product_brand":[],"product_cat":[154],"product_tag":[162],"class_list":{"0":"post-1842","1":"product","2":"type-product","3":"status-publish","4":"has-post-thumbnail","6":"product_cat-kette","7":"product_tag-citrin","9":"entry","10":"has-media","12":"first","13":"instock","14":"sold-individually","15":"shipping-taxable","16":"purchasable","17":"product-type-simple","18":"col","19":"span_1_of_3","20":"owp-content-center","21":"owp-thumbs-layout-horizontal","22":"owp-btn-big","23":"owp-tabs-layout-section"},"_links":{"self":[{"href":"https:\/\/dieschneiderei.eu\/index.php?rest_route=\/wp\/v2\/product\/1842","targetHints":{"allow":["GET"]}}],"collection":[{"href":"https:\/\/dieschneiderei.eu\/index.php?rest_route=\/wp\/v2\/product"}],"about":[{"href":"https:\/\/dieschneiderei.eu\/index.php?rest_route=\/wp\/v2\/types\/product"}],"replies":[{"embeddable":true,"href":"https:\/\/dieschneiderei.eu\/index.php?rest_route=%2Fwp%2Fv2%2Fcomments&post=1842"}],"wp:featuredmedia":[{"embeddable":true,"href":"https:\/\/dieschneiderei.eu\/index.php?rest_route=\/wp\/v2\/media\/1845"}],"wp:attachment":[{"href":"https:\/\/dieschneiderei.eu\/index.php?rest_route=%2Fwp%2Fv2%2Fmedia&parent=1842"}],"wp:term":[{"taxonomy":"product_brand","embeddable":true,"href":"https:\/\/dieschneiderei.eu\/index.php?rest_route=%2Fwp%2Fv2%2Fproduct_brand&post=1842"},{"taxonomy":"product_cat","embeddable":true,"href":"https:\/\/dieschneiderei.eu\/index.php?rest_route=%2Fwp%2Fv2%2Fproduct_cat&post=1842"},{"taxonomy":"product_tag","embeddable":true,"href":"https:\/\/dieschneiderei.eu\/index.php?rest_route=%2Fwp%2Fv2%2Fproduct_tag&post=1842"}],"curies":[{"name":"wp","href":"https:\/\/api.w.org\/{rel}","templated":true}]}}