{"id":1860,"date":"2024-09-29T15:07:25","date_gmt":"2024-09-29T15:07:25","guid":{"rendered":"https:\/\/dieschneiderei.eu\/?post_type=product&#038;p=1860"},"modified":"2024-09-29T15:07:25","modified_gmt":"2024-09-29T15:07:25","slug":"heartful","status":"publish","type":"product","link":"https:\/\/dieschneiderei.eu\/?product=heartful","title":{"rendered":"Heartful"},"content":{"rendered":"<h3 class=\"wt-text-body-03 wt-line-height-tight wt-break-word\" data-buy-box-listing-title=\"true\">Heartful | Makramee &amp; Edelstein | Fu\u00dfkettchen mit Rosenquarz | Lila<\/h3>\n<p>Mit dem \u201eHeartful\u201c Makramee Fu\u00dfkettchen beschreitest du deinen Lebensweg mit offenem Herz.\u00a0 Schwungvolles Makramee ist geformt zu Symmetrien und verzaubert dich mit mystischen Vibes aus 1001 Nacht. Der Energie Schmuck ist mit Edelsteinperlen aus zart rosa Rosenquarz, Spiralen Anh\u00e4nger sowie Messingperlen handgekn\u00fcpft.<\/p>\n<h5>BEDEUTUNG DES EDELSTEINS<\/h5>\n<p><strong>ROSENQUARZ<\/strong> schenkt Liebe, Z\u00e4rtlichkeit und Treue. Er schafft Zufriedenheit in deinen Beziehungen. Du f\u00fchlst bedingungslose Liebe zu dir selbst, deinem Baby, deinem Partner, deinen Freunden und deiner ganzen Familie.<\/p>\n<h5>HANDGEMACHT IN WIEN<\/h5>\n<p>Jedes Fu\u00dfkettchen wird von uns per Hand in Wien gekn\u00fcpft. In kleiner St\u00fcckzahl oder f\u00fcr dich pers\u00f6nlich. Knoten f\u00fcr Knoten, Perle f\u00fcr Perle, St\u00fcck f\u00fcr St\u00fcck. Mit viel Leidenschaft und noch mehr Herz. Dein Makramee Fu\u00dfkettchen ist mit hochwertigen Materialien und Liebe zum Detail gefertigt. Die Edelsteine sind mit gro\u00dfer Sorgfalt f\u00fcr die bunte Vielfalt des Lebens selektiert. Steine sind Naturprodukte und k\u00f6nnen in Farbe und Form variieren. Messing ist \u00fcberall dabei: im Wasser, beim Ausgehen und auf Reisen. Der Linhasita Makramee Garn ist ein starker Begleiter und erstrahlt lange in den sch\u00f6nsten Farben des Lebens. Dank Schiebeverschluss passt sich dein Fu\u00dfband an dich an.<\/p>\n<h5>DETAILS UND GR\u00d6SSE<\/h5>\n<p>+ Edelstein Perle: Rosenquarz (6mm)<br \/>\n+ Messingperlen<br \/>\n+ Spiralen Anh\u00e4nger: Messing<br \/>\n+ Makramee Garn: Lila<br \/>\n+ Schiebeverschluss &#8211;\u00a0individuell anpassbar<br \/>\n+ Umfang des Fu\u00dfbands: max. 35cm<\/p>\n","protected":false},"excerpt":{"rendered":"<p>Heartful | Makramee &amp; Edelstein | Fu\u00dfkettchen mit Rosenquarz | Lila Mit dem \u201eHeartful\u201c Makramee Fu\u00dfkettchen beschreitest du deinen Lebensweg mit offenem Herz.\u00a0 Schwungvolles Makramee ist geformt zu Symmetrien und verzaubert dich mit mystischen Vibes aus 1001 Nacht. Der Energie Schmuck ist mit Edelsteinperlen aus zart rosa Rosenquarz, Spiralen Anh\u00e4nger sowie Messingperlen handgekn\u00fcpft. BEDEUTUNG DES [&hellip;]<\/p>\n","protected":false},"featured_media":1864,"comment_status":"open","ping_status":"closed","template":"","meta":{"ocean_post_layout":"","ocean_both_sidebars_style":"","ocean_both_sidebars_content_width":0,"ocean_both_sidebars_sidebars_width":0,"ocean_sidebar":"0","ocean_second_sidebar":"0","ocean_disable_margins":"enable","ocean_add_body_class":"","ocean_shortcode_before_top_bar":"","ocean_shortcode_after_top_bar":"","ocean_shortcode_before_header":"","ocean_shortcode_after_header":"","ocean_has_shortcode":"","ocean_shortcode_after_title":"","ocean_shortcode_before_footer_widgets":"","ocean_shortcode_after_footer_widgets":"","ocean_shortcode_before_footer_bottom":"","ocean_shortcode_after_footer_bottom":"","ocean_display_top_bar":"default","ocean_display_header":"default","ocean_header_style":"","ocean_center_header_left_menu":"0","ocean_custom_header_template":"0","ocean_custom_logo":0,"ocean_custom_retina_logo":0,"ocean_custom_logo_max_width":0,"ocean_custom_logo_tablet_max_width":0,"ocean_custom_logo_mobile_max_width":0,"ocean_custom_logo_max_height":0,"ocean_custom_logo_tablet_max_height":0,"ocean_custom_logo_mobile_max_height":0,"ocean_header_custom_menu":"0","ocean_menu_typo_font_family":"0","ocean_menu_typo_font_subset":"","ocean_menu_typo_font_size":0,"ocean_menu_typo_font_size_tablet":0,"ocean_menu_typo_font_size_mobile":0,"ocean_menu_typo_font_size_unit":"px","ocean_menu_typo_font_weight":"","ocean_menu_typo_font_weight_tablet":"","ocean_menu_typo_font_weight_mobile":"","ocean_menu_typo_transform":"","ocean_menu_typo_transform_tablet":"","ocean_menu_typo_transform_mobile":"","ocean_menu_typo_line_height":0,"ocean_menu_typo_line_height_tablet":0,"ocean_menu_typo_line_height_mobile":0,"ocean_menu_typo_line_height_unit":"","ocean_menu_typo_spacing":0,"ocean_menu_typo_spacing_tablet":0,"ocean_menu_typo_spacing_mobile":0,"ocean_menu_typo_spacing_unit":"","ocean_menu_link_color":"","ocean_menu_link_color_hover":"","ocean_menu_link_color_active":"","ocean_menu_link_background":"","ocean_menu_link_hover_background":"","ocean_menu_link_active_background":"","ocean_menu_social_links_bg":"","ocean_menu_social_hover_links_bg":"","ocean_menu_social_links_color":"","ocean_menu_social_hover_links_color":"","ocean_disable_title":"default","ocean_disable_heading":"default","ocean_post_title":"","ocean_post_subheading":"","ocean_post_title_style":"","ocean_post_title_background_color":"","ocean_post_title_background":0,"ocean_post_title_bg_image_position":"","ocean_post_title_bg_image_attachment":"","ocean_post_title_bg_image_repeat":"","ocean_post_title_bg_image_size":"","ocean_post_title_height":0,"ocean_post_title_bg_overlay":0.5,"ocean_post_title_bg_overlay_color":"","ocean_disable_breadcrumbs":"default","ocean_breadcrumbs_color":"","ocean_breadcrumbs_separator_color":"","ocean_breadcrumbs_links_color":"","ocean_breadcrumbs_links_hover_color":"","ocean_display_footer_widgets":"default","ocean_display_footer_bottom":"default","ocean_custom_footer_template":"0"},"product_brand":[],"product_cat":[155],"product_tag":[],"class_list":{"0":"post-1860","1":"product","2":"type-product","3":"status-publish","4":"has-post-thumbnail","6":"product_cat-fusskettchen","8":"entry","9":"has-media","11":"first","12":"instock","13":"sold-individually","14":"shipping-taxable","15":"purchasable","16":"product-type-simple","17":"col","18":"span_1_of_3","19":"owp-content-center","20":"owp-thumbs-layout-horizontal","21":"owp-btn-big","22":"owp-tabs-layout-section"},"_links":{"self":[{"href":"https:\/\/dieschneiderei.eu\/index.php?rest_route=\/wp\/v2\/product\/1860","targetHints":{"allow":["GET"]}}],"collection":[{"href":"https:\/\/dieschneiderei.eu\/index.php?rest_route=\/wp\/v2\/product"}],"about":[{"href":"https:\/\/dieschneiderei.eu\/index.php?rest_route=\/wp\/v2\/types\/product"}],"replies":[{"embeddable":true,"href":"https:\/\/dieschneiderei.eu\/index.php?rest_route=%2Fwp%2Fv2%2Fcomments&post=1860"}],"wp:featuredmedia":[{"embeddable":true,"href":"https:\/\/dieschneiderei.eu\/index.php?rest_route=\/wp\/v2\/media\/1864"}],"wp:attachment":[{"href":"https:\/\/dieschneiderei.eu\/index.php?rest_route=%2Fwp%2Fv2%2Fmedia&parent=1860"}],"wp:term":[{"taxonomy":"product_brand","embeddable":true,"href":"https:\/\/dieschneiderei.eu\/index.php?rest_route=%2Fwp%2Fv2%2Fproduct_brand&post=1860"},{"taxonomy":"product_cat","embeddable":true,"href":"https:\/\/dieschneiderei.eu\/index.php?rest_route=%2Fwp%2Fv2%2Fproduct_cat&post=1860"},{"taxonomy":"product_tag","embeddable":true,"href":"https:\/\/dieschneiderei.eu\/index.php?rest_route=%2Fwp%2Fv2%2Fproduct_tag&post=1860"}],"curies":[{"name":"wp","href":"https:\/\/api.w.org\/{rel}","templated":true}]}}