{"id":1867,"date":"2024-09-29T15:00:24","date_gmt":"2024-09-29T15:00:24","guid":{"rendered":"https:\/\/dieschneiderei.eu\/?post_type=product&#038;p=1867"},"modified":"2024-09-29T15:48:51","modified_gmt":"2024-09-29T15:48:51","slug":"playful-2","status":"publish","type":"product","link":"https:\/\/dieschneiderei.eu\/?product=playful-2","title":{"rendered":"Playful"},"content":{"rendered":"<h3>Playful | Silberring mit Wunschtext im verspielten Design<\/h3>\n<p>Stundenlanges Spielen, unbeschwertes Leben, dich v\u00f6llig in Spa\u00df verlieren &#8211; das erinnert dich an deine Kindheit? Doch du findest diese Stimmung auch in vielen der sch\u00f6nsten und unvergesslichsten Momente deines erwachsenen Lebens wieder. Deine Verspieltheit begleitet dich n\u00e4mlich als Teil deines Lebens, der sich auf Spa\u00df und Freude fokussiert, als neue Perspektive, die du positiv nutzen kannst, als monotone Aufgabe, die du interessant gestaltest und als kreativer L\u00f6sungsansatz, sobald du Situationen neu interpretierst.<\/p>\n<blockquote><p>Leute h\u00f6ren nicht auf zu spielen, weil sie alt werden, sie werden alt, weil sie aufh\u00f6ren zu spielen (Oliver Wendell Holmes)<\/p><\/blockquote>\n<p>Bleib also verspielt, stay playful, und trage &#8222;Playful&#8220;! Die fantasievolle Form, kreative Struktur und aufgelockerte Schrift machen den Silberring zum Hingucker im zwanglosen Design. Der Ring aus 925 Sterling Silber l\u00e4sst keine W\u00fcnsche offen. Mit deinem Wunschtext verziert, wird er zu deinem ganz pers\u00f6nlichen Schmuckst\u00fcck.<\/p>\n<p>Festige deinen Kindheitstraum, deinen Zukunftswunsch, deine Intention im Hier und Jetzt, deinen Lieblingsmenschen oder Sehnsuchtsort. Die Buchstaben werden h\u00e4ndisch gestempelt, geschw\u00e4rzt und verspielt angeordnet &#8211; die Stellung, Ausrichtung und der Abstand der Buchstaben variieren. M\u00f6glich sind bis zu 9 Buchstaben von A-Z sowie das &#8222;&amp;&#8220;-Zeichen, jedoch keine Zahlen, Sonderzeichen oder Symbole.<\/p>\n<h5>DETAILS<\/h5>\n<p>+ 925 Sterling Silber<br \/>\n+ Personalisierter Wunschtext (Ring-Au\u00dfenseite)<br \/>\n+ Geh\u00e4mmerte Oberfl\u00e4chenstruktur<br \/>\n+ Breite: 3mm<br \/>\n+ Unisex<br \/>\n+ Gr\u00f6\u00dfe: wird an dich angepasst<br \/>\n+ Handgefertigt in Wien<\/p>\n<h5><strong>STYLE GUIDE<\/strong><\/h5>\n<p>Der Ring l\u00e4sst sich wunderbar als Stapelring kombinieren. In der Bildergalerie siehst du den Kombinationsvorschlag mit dem Silberring &gt;<a href=\"https:\/\/dieschneiderei.eu\/?product=crystal\">Crystal<\/a>&lt;<\/p>\n<h5><strong>RINGGR\u00d6SSE<\/strong><\/h5>\n<p>Hier findest zu n\u00e4her Information zu den\u00a0<a href=\"https:\/\/dieschneiderei.eu\/?page_id=943\">Ringgr\u00f6\u00dfen<\/a>.<\/p>\n<h5><strong>VERSAND<\/strong><\/h5>\n<p>Deinen Silberschmuck versenden wie innerhalb von 5 Werktagen eingeschrieben und mit der \u00d6sterreichischen Post.<\/p>\n<p>Da dieser Artikel nach deinen W\u00fcnschen individuell gefertigt und auf deine pers\u00f6nlichen Bed\u00fcrfnisse zugeschnitten wird, besteht f\u00fcr diesen Artikel kein Verbraucher-Widerrufs- oder R\u00fcckgaberecht.<\/p>\n","protected":false},"excerpt":{"rendered":"<p>Playful | Silberring mit Wunschtext im verspielten Design Stundenlanges Spielen, unbeschwertes Leben, dich v\u00f6llig in Spa\u00df verlieren &#8211; das erinnert dich an deine Kindheit? Doch du findest diese Stimmung auch in vielen der sch\u00f6nsten und unvergesslichsten Momente deines erwachsenen Lebens wieder. Deine Verspieltheit begleitet dich n\u00e4mlich als Teil deines Lebens, der sich auf Spa\u00df und [&hellip;]<\/p>\n","protected":false},"featured_media":802,"comment_status":"open","ping_status":"closed","template":"","meta":{"ocean_post_layout":"","ocean_both_sidebars_style":"","ocean_both_sidebars_content_width":0,"ocean_both_sidebars_sidebars_width":0,"ocean_sidebar":"0","ocean_second_sidebar":"0","ocean_disable_margins":"enable","ocean_add_body_class":"","ocean_shortcode_before_top_bar":"","ocean_shortcode_after_top_bar":"","ocean_shortcode_before_header":"","ocean_shortcode_after_header":"","ocean_has_shortcode":"","ocean_shortcode_after_title":"","ocean_shortcode_before_footer_widgets":"","ocean_shortcode_after_footer_widgets":"","ocean_shortcode_before_footer_bottom":"","ocean_shortcode_after_footer_bottom":"","ocean_display_top_bar":"default","ocean_display_header":"default","ocean_header_style":"","ocean_center_header_left_menu":"0","ocean_custom_header_template":"0","ocean_custom_logo":0,"ocean_custom_retina_logo":0,"ocean_custom_logo_max_width":0,"ocean_custom_logo_tablet_max_width":0,"ocean_custom_logo_mobile_max_width":0,"ocean_custom_logo_max_height":0,"ocean_custom_logo_tablet_max_height":0,"ocean_custom_logo_mobile_max_height":0,"ocean_header_custom_menu":"0","ocean_menu_typo_font_family":"0","ocean_menu_typo_font_subset":"","ocean_menu_typo_font_size":0,"ocean_menu_typo_font_size_tablet":0,"ocean_menu_typo_font_size_mobile":0,"ocean_menu_typo_font_size_unit":"px","ocean_menu_typo_font_weight":"","ocean_menu_typo_font_weight_tablet":"","ocean_menu_typo_font_weight_mobile":"","ocean_menu_typo_transform":"","ocean_menu_typo_transform_tablet":"","ocean_menu_typo_transform_mobile":"","ocean_menu_typo_line_height":0,"ocean_menu_typo_line_height_tablet":0,"ocean_menu_typo_line_height_mobile":0,"ocean_menu_typo_line_height_unit":"","ocean_menu_typo_spacing":0,"ocean_menu_typo_spacing_tablet":0,"ocean_menu_typo_spacing_mobile":0,"ocean_menu_typo_spacing_unit":"","ocean_menu_link_color":"","ocean_menu_link_color_hover":"","ocean_menu_link_color_active":"","ocean_menu_link_background":"","ocean_menu_link_hover_background":"","ocean_menu_link_active_background":"","ocean_menu_social_links_bg":"","ocean_menu_social_hover_links_bg":"","ocean_menu_social_links_color":"","ocean_menu_social_hover_links_color":"","ocean_disable_title":"default","ocean_disable_heading":"default","ocean_post_title":"","ocean_post_subheading":"","ocean_post_title_style":"","ocean_post_title_background_color":"","ocean_post_title_background":0,"ocean_post_title_bg_image_position":"","ocean_post_title_bg_image_attachment":"","ocean_post_title_bg_image_repeat":"","ocean_post_title_bg_image_size":"","ocean_post_title_height":0,"ocean_post_title_bg_overlay":0.5,"ocean_post_title_bg_overlay_color":"","ocean_disable_breadcrumbs":"default","ocean_breadcrumbs_color":"","ocean_breadcrumbs_separator_color":"","ocean_breadcrumbs_links_color":"","ocean_breadcrumbs_links_hover_color":"","ocean_display_footer_widgets":"default","ocean_display_footer_bottom":"default","ocean_custom_footer_template":"0"},"product_brand":[],"product_cat":[156],"product_tag":[],"class_list":{"0":"post-1867","1":"product","2":"type-product","3":"status-publish","4":"has-post-thumbnail","6":"product_cat-ring","7":"product_shipping_class-paket-europa","9":"entry","10":"has-media","12":"first","13":"outofstock","14":"shipping-taxable","15":"purchasable","16":"product-type-simple","17":"col","18":"span_1_of_3","19":"owp-content-center","20":"owp-thumbs-layout-horizontal","21":"owp-btn-big","22":"owp-tabs-layout-section"},"_links":{"self":[{"href":"https:\/\/dieschneiderei.eu\/index.php?rest_route=\/wp\/v2\/product\/1867","targetHints":{"allow":["GET"]}}],"collection":[{"href":"https:\/\/dieschneiderei.eu\/index.php?rest_route=\/wp\/v2\/product"}],"about":[{"href":"https:\/\/dieschneiderei.eu\/index.php?rest_route=\/wp\/v2\/types\/product"}],"replies":[{"embeddable":true,"href":"https:\/\/dieschneiderei.eu\/index.php?rest_route=%2Fwp%2Fv2%2Fcomments&post=1867"}],"wp:featuredmedia":[{"embeddable":true,"href":"https:\/\/dieschneiderei.eu\/index.php?rest_route=\/wp\/v2\/media\/802"}],"wp:attachment":[{"href":"https:\/\/dieschneiderei.eu\/index.php?rest_route=%2Fwp%2Fv2%2Fmedia&parent=1867"}],"wp:term":[{"taxonomy":"product_brand","embeddable":true,"href":"https:\/\/dieschneiderei.eu\/index.php?rest_route=%2Fwp%2Fv2%2Fproduct_brand&post=1867"},{"taxonomy":"product_cat","embeddable":true,"href":"https:\/\/dieschneiderei.eu\/index.php?rest_route=%2Fwp%2Fv2%2Fproduct_cat&post=1867"},{"taxonomy":"product_tag","embeddable":true,"href":"https:\/\/dieschneiderei.eu\/index.php?rest_route=%2Fwp%2Fv2%2Fproduct_tag&post=1867"}],"curies":[{"name":"wp","href":"https:\/\/api.w.org\/{rel}","templated":true}]}}