{"id":1936,"date":"2024-09-29T15:00:24","date_gmt":"2024-09-29T15:00:24","guid":{"rendered":"https:\/\/dieschneiderei.eu\/?post_type=product&#038;p=1936"},"modified":"2024-09-29T15:52:15","modified_gmt":"2024-09-29T15:52:15","slug":"crystal-3","status":"publish","type":"product","link":"https:\/\/dieschneiderei.eu\/?product=crystal-3","title":{"rendered":"Crystal"},"content":{"rendered":"<h3>Crystal &#8211; Silberring im Kristall-Design<\/h3>\n<p>Dezent und unverkennbar strahlt der Silberring &#8222;Crystal&#8220; im edlen Kristall-Design von deinem Finger. Du begibst dich in den optimalen Winkel zur Sonne, genie\u00dft die Energie der Sonnenstrahlen und l\u00e4sst das Licht reflektieren. Du f\u00e4ngst an zu glitzern, wenn du dich bewegst und deinen Blickwinkel ver\u00e4nderst. Denn &#8222;Crystal&#8220; verh\u00e4lt sich wie ein Eiskristall, wie viele kleine Spiegel, die ungeordnet herumstehen, wie frischer Schnee, der Sonnenlicht in unsere Augen lenkt.<\/p>\n<blockquote><p>Die Kunst ist kein Spiegel, sondern ein Kristall. Sie schafft ihre eigenen Gestalten und Formen. (Oscar Wilde)<\/p><\/blockquote>\n<h5>DETAILS<\/h5>\n<p>+ 925 Sterling Silber<br \/>\n+ Kristall Design<br \/>\n+ Geh\u00e4mmerte Oberfl\u00e4chenstruktur<br \/>\n+ Breite: 3mm<br \/>\n+ Unisex<br \/>\n+ Gr\u00f6\u00dfe: wird an dich angepasst<br \/>\n+ Handgefertigt in Wien<\/p>\n<h5><strong>STYLE GUIDE<\/strong><\/h5>\n<p>&#8222;Crystal&#8220; schm\u00fcckt deinen Finger nicht nur alleine, sondern oder auch als Stapelring. In der Bildergalerie findest du eine Kombinationsm\u00f6glichkeit mit dem Silberring &gt;<a href=\"http:\/\/www.dieschneiderei.eu\/?product=playful\">Playful<\/a>&lt;.<\/p>\n<h5><strong>RINGGR\u00d6SSE<\/strong><\/h5>\n<p>Hier findest zu n\u00e4her Information zu den <a href=\"https:\/\/dieschneiderei.eu\/?page_id=943\">Ringgr\u00f6\u00dfen<\/a>.<\/p>\n<h5><strong>VERSAND<\/strong><\/h5>\n<p>Deinen Silberschmuck versenden wie innerhalb von 5 Werktagen eingeschrieben und mit der \u00d6sterreichischen Post.<\/p>\n","protected":false},"excerpt":{"rendered":"<p>Crystal &#8211; Silberring im Kristall-Design Dezent und unverkennbar strahlt der Silberring &#8222;Crystal&#8220; im edlen Kristall-Design von deinem Finger. Du begibst dich in den optimalen Winkel zur Sonne, genie\u00dft die Energie der Sonnenstrahlen und l\u00e4sst das Licht reflektieren. Du f\u00e4ngst an zu glitzern, wenn du dich bewegst und deinen Blickwinkel ver\u00e4nderst. Denn &#8222;Crystal&#8220; verh\u00e4lt sich wie [&hellip;]<\/p>\n","protected":false},"featured_media":826,"comment_status":"open","ping_status":"closed","template":"","meta":{"ocean_post_layout":"","ocean_both_sidebars_style":"","ocean_both_sidebars_content_width":0,"ocean_both_sidebars_sidebars_width":0,"ocean_sidebar":"0","ocean_second_sidebar":"0","ocean_disable_margins":"enable","ocean_add_body_class":"","ocean_shortcode_before_top_bar":"","ocean_shortcode_after_top_bar":"","ocean_shortcode_before_header":"","ocean_shortcode_after_header":"","ocean_has_shortcode":"","ocean_shortcode_after_title":"","ocean_shortcode_before_footer_widgets":"","ocean_shortcode_after_footer_widgets":"","ocean_shortcode_before_footer_bottom":"","ocean_shortcode_after_footer_bottom":"","ocean_display_top_bar":"default","ocean_display_header":"default","ocean_header_style":"","ocean_center_header_left_menu":"0","ocean_custom_header_template":"0","ocean_custom_logo":0,"ocean_custom_retina_logo":0,"ocean_custom_logo_max_width":0,"ocean_custom_logo_tablet_max_width":0,"ocean_custom_logo_mobile_max_width":0,"ocean_custom_logo_max_height":0,"ocean_custom_logo_tablet_max_height":0,"ocean_custom_logo_mobile_max_height":0,"ocean_header_custom_menu":"0","ocean_menu_typo_font_family":"0","ocean_menu_typo_font_subset":"","ocean_menu_typo_font_size":0,"ocean_menu_typo_font_size_tablet":0,"ocean_menu_typo_font_size_mobile":0,"ocean_menu_typo_font_size_unit":"px","ocean_menu_typo_font_weight":"","ocean_menu_typo_font_weight_tablet":"","ocean_menu_typo_font_weight_mobile":"","ocean_menu_typo_transform":"","ocean_menu_typo_transform_tablet":"","ocean_menu_typo_transform_mobile":"","ocean_menu_typo_line_height":0,"ocean_menu_typo_line_height_tablet":0,"ocean_menu_typo_line_height_mobile":0,"ocean_menu_typo_line_height_unit":"","ocean_menu_typo_spacing":0,"ocean_menu_typo_spacing_tablet":0,"ocean_menu_typo_spacing_mobile":0,"ocean_menu_typo_spacing_unit":"","ocean_menu_link_color":"","ocean_menu_link_color_hover":"","ocean_menu_link_color_active":"","ocean_menu_link_background":"","ocean_menu_link_hover_background":"","ocean_menu_link_active_background":"","ocean_menu_social_links_bg":"","ocean_menu_social_hover_links_bg":"","ocean_menu_social_links_color":"","ocean_menu_social_hover_links_color":"","ocean_disable_title":"default","ocean_disable_heading":"default","ocean_post_title":"","ocean_post_subheading":"","ocean_post_title_style":"","ocean_post_title_background_color":"","ocean_post_title_background":0,"ocean_post_title_bg_image_position":"","ocean_post_title_bg_image_attachment":"","ocean_post_title_bg_image_repeat":"","ocean_post_title_bg_image_size":"","ocean_post_title_height":0,"ocean_post_title_bg_overlay":0.5,"ocean_post_title_bg_overlay_color":"","ocean_disable_breadcrumbs":"default","ocean_breadcrumbs_color":"","ocean_breadcrumbs_separator_color":"","ocean_breadcrumbs_links_color":"","ocean_breadcrumbs_links_hover_color":"","ocean_display_footer_widgets":"default","ocean_display_footer_bottom":"default","ocean_custom_footer_template":"0"},"product_brand":[],"product_cat":[156],"product_tag":[],"class_list":{"0":"post-1936","1":"product","2":"type-product","3":"status-publish","4":"has-post-thumbnail","6":"product_cat-ring","7":"product_shipping_class-paket-europa","9":"entry","10":"has-media","12":"first","13":"outofstock","14":"shipping-taxable","15":"purchasable","16":"product-type-simple","17":"col","18":"span_1_of_3","19":"owp-content-center","20":"owp-thumbs-layout-horizontal","21":"owp-btn-big","22":"owp-tabs-layout-section"},"_links":{"self":[{"href":"https:\/\/dieschneiderei.eu\/index.php?rest_route=\/wp\/v2\/product\/1936","targetHints":{"allow":["GET"]}}],"collection":[{"href":"https:\/\/dieschneiderei.eu\/index.php?rest_route=\/wp\/v2\/product"}],"about":[{"href":"https:\/\/dieschneiderei.eu\/index.php?rest_route=\/wp\/v2\/types\/product"}],"replies":[{"embeddable":true,"href":"https:\/\/dieschneiderei.eu\/index.php?rest_route=%2Fwp%2Fv2%2Fcomments&post=1936"}],"wp:featuredmedia":[{"embeddable":true,"href":"https:\/\/dieschneiderei.eu\/index.php?rest_route=\/wp\/v2\/media\/826"}],"wp:attachment":[{"href":"https:\/\/dieschneiderei.eu\/index.php?rest_route=%2Fwp%2Fv2%2Fmedia&parent=1936"}],"wp:term":[{"taxonomy":"product_brand","embeddable":true,"href":"https:\/\/dieschneiderei.eu\/index.php?rest_route=%2Fwp%2Fv2%2Fproduct_brand&post=1936"},{"taxonomy":"product_cat","embeddable":true,"href":"https:\/\/dieschneiderei.eu\/index.php?rest_route=%2Fwp%2Fv2%2Fproduct_cat&post=1936"},{"taxonomy":"product_tag","embeddable":true,"href":"https:\/\/dieschneiderei.eu\/index.php?rest_route=%2Fwp%2Fv2%2Fproduct_tag&post=1936"}],"curies":[{"name":"wp","href":"https:\/\/api.w.org\/{rel}","templated":true}]}}