{"id":1959,"date":"2024-09-29T15:00:24","date_gmt":"2024-09-29T15:00:24","guid":{"rendered":"https:\/\/dieschneiderei.eu\/?post_type=product&#038;p=1959"},"modified":"2024-09-29T15:51:00","modified_gmt":"2024-09-29T15:51:00","slug":"dots-2","status":"publish","type":"product","link":"https:\/\/dieschneiderei.eu\/?product=dots-2","title":{"rendered":"Dots"},"content":{"rendered":"<h3>Dots\u00a0|\u00a0zarter Silberring mit Kreisen<\/h3>\n<p>Eine echte Punktlandung! Der Silberring aus 925 echtem Sterling Silber, ist ein dezentes Highlight mit runden Silber-Pl\u00e4ttchen f\u00fcr deinen Anlass. Als Sommerschmuck oder Geburtstagsgeschenk, zum Muttertag, als Freundschaftsring oder als Begleiter f\u00fcr die n\u00e4chste Party. Zwei kreisf\u00f6rmige, runde Formen bringen das Dots-Design auf den Punkt und bilden somit das Wesentliche, den Charakter des Rings. Die Pl\u00e4ttchen sind unterschiedlich gro\u00df und liegen geschmeidig auf der Vorderseite deines Fingers auf. Mit Liebe handgemacht und somit dein einzigartiges Schmuckst\u00fcck. Der offene Ring passt sich ein St\u00fcck an deinen Finger an und ist durch zusammendr\u00fccken oder aufbiegen individuell verstellbar.<\/p>\n<h5>DETAILS<\/h5>\n<p>+ 925 Sterling Silber<br \/>\n+ Dots Design<br \/>\n+ Breite: 1,2mm Silberring, 6mm kleiner Punkt, 8mm gro\u00dfer Punkt<br \/>\n+ Offener Ring<br \/>\n+ Gr\u00f6\u00dfe individuell anpassbar<br \/>\n+ Handgefertigt in Wien<\/p>\n<h5><strong>STYLE GUIDE<\/strong><\/h5>\n<p>Der Ring l\u00e4sst sich wunderbar als Stapelring kombinieren. In der Bildergalerie siehst du den Kombinationsvorschlag mit dem Silberring &gt;<a href=\"https:\/\/dieschneiderei.eu\/?product=crystal\">Crystal<\/a>&lt;<\/p>\n<h5><strong>RINGGR\u00d6SSE<\/strong><\/h5>\n<p>Hier findest zu n\u00e4her Information zu den\u00a0<a href=\"https:\/\/dieschneiderei.eu\/?page_id=943\">Ringgr\u00f6\u00dfen<\/a>.<\/p>\n<h5><strong>VERSAND<\/strong><\/h5>\n<p>Deinen Silberschmuck versenden wie innerhalb von 5 Werktagen eingeschrieben und mit der \u00d6sterreichischen Post.<\/p>\n","protected":false},"excerpt":{"rendered":"<p>Dots\u00a0|\u00a0zarter Silberring mit Kreisen Eine echte Punktlandung! Der Silberring aus 925 echtem Sterling Silber, ist ein dezentes Highlight mit runden Silber-Pl\u00e4ttchen f\u00fcr deinen Anlass. Als Sommerschmuck oder Geburtstagsgeschenk, zum Muttertag, als Freundschaftsring oder als Begleiter f\u00fcr die n\u00e4chste Party. Zwei kreisf\u00f6rmige, runde Formen bringen das Dots-Design auf den Punkt und bilden somit das Wesentliche, den [&hellip;]<\/p>\n","protected":false},"featured_media":1152,"comment_status":"open","ping_status":"closed","template":"","meta":{"ocean_post_layout":"","ocean_both_sidebars_style":"","ocean_both_sidebars_content_width":0,"ocean_both_sidebars_sidebars_width":0,"ocean_sidebar":"0","ocean_second_sidebar":"0","ocean_disable_margins":"enable","ocean_add_body_class":"","ocean_shortcode_before_top_bar":"","ocean_shortcode_after_top_bar":"","ocean_shortcode_before_header":"","ocean_shortcode_after_header":"","ocean_has_shortcode":"","ocean_shortcode_after_title":"","ocean_shortcode_before_footer_widgets":"","ocean_shortcode_after_footer_widgets":"","ocean_shortcode_before_footer_bottom":"","ocean_shortcode_after_footer_bottom":"","ocean_display_top_bar":"default","ocean_display_header":"default","ocean_header_style":"","ocean_center_header_left_menu":"0","ocean_custom_header_template":"0","ocean_custom_logo":0,"ocean_custom_retina_logo":0,"ocean_custom_logo_max_width":0,"ocean_custom_logo_tablet_max_width":0,"ocean_custom_logo_mobile_max_width":0,"ocean_custom_logo_max_height":0,"ocean_custom_logo_tablet_max_height":0,"ocean_custom_logo_mobile_max_height":0,"ocean_header_custom_menu":"0","ocean_menu_typo_font_family":"0","ocean_menu_typo_font_subset":"","ocean_menu_typo_font_size":0,"ocean_menu_typo_font_size_tablet":0,"ocean_menu_typo_font_size_mobile":0,"ocean_menu_typo_font_size_unit":"px","ocean_menu_typo_font_weight":"","ocean_menu_typo_font_weight_tablet":"","ocean_menu_typo_font_weight_mobile":"","ocean_menu_typo_transform":"","ocean_menu_typo_transform_tablet":"","ocean_menu_typo_transform_mobile":"","ocean_menu_typo_line_height":0,"ocean_menu_typo_line_height_tablet":0,"ocean_menu_typo_line_height_mobile":0,"ocean_menu_typo_line_height_unit":"","ocean_menu_typo_spacing":0,"ocean_menu_typo_spacing_tablet":0,"ocean_menu_typo_spacing_mobile":0,"ocean_menu_typo_spacing_unit":"","ocean_menu_link_color":"","ocean_menu_link_color_hover":"","ocean_menu_link_color_active":"","ocean_menu_link_background":"","ocean_menu_link_hover_background":"","ocean_menu_link_active_background":"","ocean_menu_social_links_bg":"","ocean_menu_social_hover_links_bg":"","ocean_menu_social_links_color":"","ocean_menu_social_hover_links_color":"","ocean_disable_title":"default","ocean_disable_heading":"default","ocean_post_title":"","ocean_post_subheading":"","ocean_post_title_style":"","ocean_post_title_background_color":"","ocean_post_title_background":0,"ocean_post_title_bg_image_position":"","ocean_post_title_bg_image_attachment":"","ocean_post_title_bg_image_repeat":"","ocean_post_title_bg_image_size":"","ocean_post_title_height":0,"ocean_post_title_bg_overlay":0.5,"ocean_post_title_bg_overlay_color":"","ocean_disable_breadcrumbs":"default","ocean_breadcrumbs_color":"","ocean_breadcrumbs_separator_color":"","ocean_breadcrumbs_links_color":"","ocean_breadcrumbs_links_hover_color":"","ocean_display_footer_widgets":"default","ocean_display_footer_bottom":"default","ocean_custom_footer_template":"0"},"product_brand":[],"product_cat":[156],"product_tag":[],"class_list":{"0":"post-1959","1":"product","2":"type-product","3":"status-publish","4":"has-post-thumbnail","6":"product_cat-ring","7":"product_shipping_class-paket-europa","9":"entry","10":"has-media","12":"first","13":"outofstock","14":"shipping-taxable","15":"purchasable","16":"product-type-simple","17":"col","18":"span_1_of_3","19":"owp-content-center","20":"owp-thumbs-layout-horizontal","21":"owp-btn-big","22":"owp-tabs-layout-section"},"_links":{"self":[{"href":"https:\/\/dieschneiderei.eu\/index.php?rest_route=\/wp\/v2\/product\/1959","targetHints":{"allow":["GET"]}}],"collection":[{"href":"https:\/\/dieschneiderei.eu\/index.php?rest_route=\/wp\/v2\/product"}],"about":[{"href":"https:\/\/dieschneiderei.eu\/index.php?rest_route=\/wp\/v2\/types\/product"}],"replies":[{"embeddable":true,"href":"https:\/\/dieschneiderei.eu\/index.php?rest_route=%2Fwp%2Fv2%2Fcomments&post=1959"}],"wp:featuredmedia":[{"embeddable":true,"href":"https:\/\/dieschneiderei.eu\/index.php?rest_route=\/wp\/v2\/media\/1152"}],"wp:attachment":[{"href":"https:\/\/dieschneiderei.eu\/index.php?rest_route=%2Fwp%2Fv2%2Fmedia&parent=1959"}],"wp:term":[{"taxonomy":"product_brand","embeddable":true,"href":"https:\/\/dieschneiderei.eu\/index.php?rest_route=%2Fwp%2Fv2%2Fproduct_brand&post=1959"},{"taxonomy":"product_cat","embeddable":true,"href":"https:\/\/dieschneiderei.eu\/index.php?rest_route=%2Fwp%2Fv2%2Fproduct_cat&post=1959"},{"taxonomy":"product_tag","embeddable":true,"href":"https:\/\/dieschneiderei.eu\/index.php?rest_route=%2Fwp%2Fv2%2Fproduct_tag&post=1959"}],"curies":[{"name":"wp","href":"https:\/\/api.w.org\/{rel}","templated":true}]}}