{"id":1976,"date":"2024-09-29T08:00:24","date_gmt":"2024-09-29T08:00:24","guid":{"rendered":"https:\/\/dieschneiderei.eu\/?post_type=product&#038;p=1976"},"modified":"2024-09-29T15:52:31","modified_gmt":"2024-09-29T15:52:31","slug":"gipsy-summer","status":"publish","type":"product","link":"https:\/\/dieschneiderei.eu\/?product=gipsy-summer","title":{"rendered":"Gipsy Summer"},"content":{"rendered":"<h3>Gipsy Summer |\u00a0Makramee Fu\u00dfkettchen<\/h3>\n<p>Dein Makramee Fu\u00dfkettchen mit Messingperlen und Spiral Anh\u00e4nger ist immer dabei &#8211; bei Sommer, Strand und Sonne oder Festivals, Partys und Konzerten.<\/p>\n<h5>HANDGEMACHT IN WIEN<\/h5>\n<p>Jedes Fu\u00dfkettchen wird von uns per Hand in Wien gekn\u00fcpft. In kleiner St\u00fcckzahl oder f\u00fcr dich pers\u00f6nlich. Knoten f\u00fcr Knoten, St\u00fcck f\u00fcr St\u00fcck. Mit viel Leidenschaft und noch mehr Herz. Dein Makramee Fu\u00dfkettchen ist mit hochwertigen Materialien und Liebe zum Detail gefertigt. Messing ist \u00fcberall dabei: im Wasser, beim Ausgehen und auf Reisen. Der Linhasita Makramee Garn ist ein starker Begleiter und erstrahlt lange in den sch\u00f6nsten Farben des Lebens. Den Verschluss kannst du selbst verknoten. Deine Fu\u00dfkette ist somit beliebig einstellbar und passt um jeden Fu\u00df.<\/p>\n<h5>DETAILS UND GR\u00d6SSE<\/h5>\n<p>+ Messingperlen<br \/>\n+ Makramee Garn: Lila, Gr\u00fcn, Braun, Schwarz, Blau, Pink<br \/>\n+ Bindeverschluss \u2013 individuell anpassbar<br \/>\n+ Umfang des Fu\u00dfbands: max. 30cm<\/p>\n","protected":false},"excerpt":{"rendered":"<p>Gipsy Summer |\u00a0Makramee Fu\u00dfkettchen Dein Makramee Fu\u00dfkettchen mit Messingperlen und Spiral Anh\u00e4nger ist immer dabei &#8211; bei Sommer, Strand und Sonne oder Festivals, Partys und Konzerten. HANDGEMACHT IN WIEN Jedes Fu\u00dfkettchen wird von uns per Hand in Wien gekn\u00fcpft. In kleiner St\u00fcckzahl oder f\u00fcr dich pers\u00f6nlich. Knoten f\u00fcr Knoten, St\u00fcck f\u00fcr St\u00fcck. Mit viel Leidenschaft [&hellip;]<\/p>\n","protected":false},"featured_media":476,"comment_status":"open","ping_status":"closed","template":"","meta":{"ocean_post_layout":"","ocean_both_sidebars_style":"","ocean_both_sidebars_content_width":0,"ocean_both_sidebars_sidebars_width":0,"ocean_sidebar":"0","ocean_second_sidebar":"0","ocean_disable_margins":"enable","ocean_add_body_class":"","ocean_shortcode_before_top_bar":"","ocean_shortcode_after_top_bar":"","ocean_shortcode_before_header":"","ocean_shortcode_after_header":"","ocean_has_shortcode":"","ocean_shortcode_after_title":"","ocean_shortcode_before_footer_widgets":"","ocean_shortcode_after_footer_widgets":"","ocean_shortcode_before_footer_bottom":"","ocean_shortcode_after_footer_bottom":"","ocean_display_top_bar":"default","ocean_display_header":"default","ocean_header_style":"","ocean_center_header_left_menu":"0","ocean_custom_header_template":"0","ocean_custom_logo":0,"ocean_custom_retina_logo":0,"ocean_custom_logo_max_width":0,"ocean_custom_logo_tablet_max_width":0,"ocean_custom_logo_mobile_max_width":0,"ocean_custom_logo_max_height":0,"ocean_custom_logo_tablet_max_height":0,"ocean_custom_logo_mobile_max_height":0,"ocean_header_custom_menu":"0","ocean_menu_typo_font_family":"0","ocean_menu_typo_font_subset":"","ocean_menu_typo_font_size":0,"ocean_menu_typo_font_size_tablet":0,"ocean_menu_typo_font_size_mobile":0,"ocean_menu_typo_font_size_unit":"px","ocean_menu_typo_font_weight":"","ocean_menu_typo_font_weight_tablet":"","ocean_menu_typo_font_weight_mobile":"","ocean_menu_typo_transform":"","ocean_menu_typo_transform_tablet":"","ocean_menu_typo_transform_mobile":"","ocean_menu_typo_line_height":0,"ocean_menu_typo_line_height_tablet":0,"ocean_menu_typo_line_height_mobile":0,"ocean_menu_typo_line_height_unit":"","ocean_menu_typo_spacing":0,"ocean_menu_typo_spacing_tablet":0,"ocean_menu_typo_spacing_mobile":0,"ocean_menu_typo_spacing_unit":"","ocean_menu_link_color":"","ocean_menu_link_color_hover":"","ocean_menu_link_color_active":"","ocean_menu_link_background":"","ocean_menu_link_hover_background":"","ocean_menu_link_active_background":"","ocean_menu_social_links_bg":"","ocean_menu_social_hover_links_bg":"","ocean_menu_social_links_color":"","ocean_menu_social_hover_links_color":"","ocean_disable_title":"default","ocean_disable_heading":"default","ocean_post_title":"","ocean_post_subheading":"","ocean_post_title_style":"","ocean_post_title_background_color":"","ocean_post_title_background":0,"ocean_post_title_bg_image_position":"","ocean_post_title_bg_image_attachment":"","ocean_post_title_bg_image_repeat":"","ocean_post_title_bg_image_size":"","ocean_post_title_height":0,"ocean_post_title_bg_overlay":0.5,"ocean_post_title_bg_overlay_color":"","ocean_disable_breadcrumbs":"default","ocean_breadcrumbs_color":"","ocean_breadcrumbs_separator_color":"","ocean_breadcrumbs_links_color":"","ocean_breadcrumbs_links_hover_color":"","ocean_display_footer_widgets":"default","ocean_display_footer_bottom":"default","ocean_custom_footer_template":"0"},"product_brand":[],"product_cat":[155],"product_tag":[],"class_list":{"0":"post-1976","1":"product","2":"type-product","3":"status-publish","4":"has-post-thumbnail","6":"product_cat-fusskettchen","8":"entry","9":"has-media","11":"first","12":"outofstock","13":"shipping-taxable","14":"purchasable","15":"product-type-simple","16":"col","17":"span_1_of_3","18":"owp-content-center","19":"owp-thumbs-layout-horizontal","20":"owp-btn-big","21":"owp-tabs-layout-section"},"_links":{"self":[{"href":"https:\/\/dieschneiderei.eu\/index.php?rest_route=\/wp\/v2\/product\/1976","targetHints":{"allow":["GET"]}}],"collection":[{"href":"https:\/\/dieschneiderei.eu\/index.php?rest_route=\/wp\/v2\/product"}],"about":[{"href":"https:\/\/dieschneiderei.eu\/index.php?rest_route=\/wp\/v2\/types\/product"}],"replies":[{"embeddable":true,"href":"https:\/\/dieschneiderei.eu\/index.php?rest_route=%2Fwp%2Fv2%2Fcomments&post=1976"}],"wp:featuredmedia":[{"embeddable":true,"href":"https:\/\/dieschneiderei.eu\/index.php?rest_route=\/wp\/v2\/media\/476"}],"wp:attachment":[{"href":"https:\/\/dieschneiderei.eu\/index.php?rest_route=%2Fwp%2Fv2%2Fmedia&parent=1976"}],"wp:term":[{"taxonomy":"product_brand","embeddable":true,"href":"https:\/\/dieschneiderei.eu\/index.php?rest_route=%2Fwp%2Fv2%2Fproduct_brand&post=1976"},{"taxonomy":"product_cat","embeddable":true,"href":"https:\/\/dieschneiderei.eu\/index.php?rest_route=%2Fwp%2Fv2%2Fproduct_cat&post=1976"},{"taxonomy":"product_tag","embeddable":true,"href":"https:\/\/dieschneiderei.eu\/index.php?rest_route=%2Fwp%2Fv2%2Fproduct_tag&post=1976"}],"curies":[{"name":"wp","href":"https:\/\/api.w.org\/{rel}","templated":true}]}}