{"id":2009,"date":"2024-09-29T15:03:24","date_gmt":"2024-09-29T15:03:24","guid":{"rendered":"https:\/\/dieschneiderei.eu\/?post_type=product&#038;p=2009"},"modified":"2024-09-29T15:51:43","modified_gmt":"2024-09-29T15:51:43","slug":"sparkle","status":"publish","type":"product","link":"https:\/\/dieschneiderei.eu\/?product=sparkle","title":{"rendered":"Sparkle"},"content":{"rendered":"<h3>Sparkle | Armreif<\/h3>\n<p>Ein dezenter Armreif ist dein feiner Alltagsbegleiter. Die Oberfl\u00e4chenstruktur ist geh\u00e4mmert und funkelt dadurch elegant. Der Armreif ist offen und passt sich somit perfekt an deinen Arm an.<\/p>\n<h5>HANDGEMACHT IN WIEN<\/h5>\n<p>Dein Schmuck wird von uns per Hand in Wien gefertigt. In kleiner St\u00fcckzahl oder f\u00fcr dich pers\u00f6nlich. Mit viel Leidenschaft und noch mehr Herz. Dein Messingschmuck ist mit hochwertigen Materialien und Liebe zum Detail selbst geschmiedet. Er wird ges\u00e4gt, geformt, geh\u00e4mmert, gefeilt, gel\u00f6tet und poliert. Somit ist jedes Schmuckst\u00fcck ein ganz pers\u00f6nliches Unikat. Reines Messing bekommt mit der Zeit einen antiken Look, den wir lieben. Und erstrahl immer wieder neu in gl\u00e4nzendem Gold. Messing ist so individuell wie du und ist \u00fcberall dabei: im Wasser, beim Ausgehen und auf Reisen.<\/p>\n<h5>DETAILS UND GR\u00d6SSE<\/h5>\n<p>+ Reines Messing<br \/>\n+ offener Armreif<br \/>\n+ Struktur: geh\u00e4mmert<br \/>\n+ Breite: 2mm<\/p>\n","protected":false},"excerpt":{"rendered":"<p>Sparkle | Armreif Ein dezenter Armreif ist dein feiner Alltagsbegleiter. Die Oberfl\u00e4chenstruktur ist geh\u00e4mmert und funkelt dadurch elegant. Der Armreif ist offen und passt sich somit perfekt an deinen Arm an. HANDGEMACHT IN WIEN Dein Schmuck wird von uns per Hand in Wien gefertigt. In kleiner St\u00fcckzahl oder f\u00fcr dich pers\u00f6nlich. Mit viel Leidenschaft und [&hellip;]<\/p>\n","protected":false},"featured_media":2080,"comment_status":"open","ping_status":"closed","template":"","meta":{"ocean_post_layout":"","ocean_both_sidebars_style":"","ocean_both_sidebars_content_width":0,"ocean_both_sidebars_sidebars_width":0,"ocean_sidebar":"0","ocean_second_sidebar":"0","ocean_disable_margins":"enable","ocean_add_body_class":"","ocean_shortcode_before_top_bar":"","ocean_shortcode_after_top_bar":"","ocean_shortcode_before_header":"","ocean_shortcode_after_header":"","ocean_has_shortcode":"","ocean_shortcode_after_title":"","ocean_shortcode_before_footer_widgets":"","ocean_shortcode_after_footer_widgets":"","ocean_shortcode_before_footer_bottom":"","ocean_shortcode_after_footer_bottom":"","ocean_display_top_bar":"default","ocean_display_header":"default","ocean_header_style":"","ocean_center_header_left_menu":"0","ocean_custom_header_template":"0","ocean_custom_logo":0,"ocean_custom_retina_logo":0,"ocean_custom_logo_max_width":0,"ocean_custom_logo_tablet_max_width":0,"ocean_custom_logo_mobile_max_width":0,"ocean_custom_logo_max_height":0,"ocean_custom_logo_tablet_max_height":0,"ocean_custom_logo_mobile_max_height":0,"ocean_header_custom_menu":"0","ocean_menu_typo_font_family":"0","ocean_menu_typo_font_subset":"","ocean_menu_typo_font_size":0,"ocean_menu_typo_font_size_tablet":0,"ocean_menu_typo_font_size_mobile":0,"ocean_menu_typo_font_size_unit":"px","ocean_menu_typo_font_weight":"","ocean_menu_typo_font_weight_tablet":"","ocean_menu_typo_font_weight_mobile":"","ocean_menu_typo_transform":"","ocean_menu_typo_transform_tablet":"","ocean_menu_typo_transform_mobile":"","ocean_menu_typo_line_height":0,"ocean_menu_typo_line_height_tablet":0,"ocean_menu_typo_line_height_mobile":0,"ocean_menu_typo_line_height_unit":"","ocean_menu_typo_spacing":0,"ocean_menu_typo_spacing_tablet":0,"ocean_menu_typo_spacing_mobile":0,"ocean_menu_typo_spacing_unit":"","ocean_menu_link_color":"","ocean_menu_link_color_hover":"","ocean_menu_link_color_active":"","ocean_menu_link_background":"","ocean_menu_link_hover_background":"","ocean_menu_link_active_background":"","ocean_menu_social_links_bg":"","ocean_menu_social_hover_links_bg":"","ocean_menu_social_links_color":"","ocean_menu_social_hover_links_color":"","ocean_disable_title":"default","ocean_disable_heading":"default","ocean_post_title":"","ocean_post_subheading":"","ocean_post_title_style":"","ocean_post_title_background_color":"","ocean_post_title_background":0,"ocean_post_title_bg_image_position":"","ocean_post_title_bg_image_attachment":"","ocean_post_title_bg_image_repeat":"","ocean_post_title_bg_image_size":"","ocean_post_title_height":0,"ocean_post_title_bg_overlay":0.5,"ocean_post_title_bg_overlay_color":"","ocean_disable_breadcrumbs":"default","ocean_breadcrumbs_color":"","ocean_breadcrumbs_separator_color":"","ocean_breadcrumbs_links_color":"","ocean_breadcrumbs_links_hover_color":"","ocean_display_footer_widgets":"default","ocean_display_footer_bottom":"default","ocean_custom_footer_template":"0"},"product_brand":[],"product_cat":[153],"product_tag":[],"class_list":{"0":"post-2009","1":"product","2":"type-product","3":"status-publish","4":"has-post-thumbnail","6":"product_cat-armband","8":"entry","9":"has-media","11":"first","12":"outofstock","13":"shipping-taxable","14":"purchasable","15":"product-type-simple","16":"col","17":"span_1_of_3","18":"owp-content-center","19":"owp-thumbs-layout-horizontal","20":"owp-btn-big","21":"owp-tabs-layout-section"},"_links":{"self":[{"href":"https:\/\/dieschneiderei.eu\/index.php?rest_route=\/wp\/v2\/product\/2009","targetHints":{"allow":["GET"]}}],"collection":[{"href":"https:\/\/dieschneiderei.eu\/index.php?rest_route=\/wp\/v2\/product"}],"about":[{"href":"https:\/\/dieschneiderei.eu\/index.php?rest_route=\/wp\/v2\/types\/product"}],"replies":[{"embeddable":true,"href":"https:\/\/dieschneiderei.eu\/index.php?rest_route=%2Fwp%2Fv2%2Fcomments&post=2009"}],"wp:featuredmedia":[{"embeddable":true,"href":"https:\/\/dieschneiderei.eu\/index.php?rest_route=\/wp\/v2\/media\/2080"}],"wp:attachment":[{"href":"https:\/\/dieschneiderei.eu\/index.php?rest_route=%2Fwp%2Fv2%2Fmedia&parent=2009"}],"wp:term":[{"taxonomy":"product_brand","embeddable":true,"href":"https:\/\/dieschneiderei.eu\/index.php?rest_route=%2Fwp%2Fv2%2Fproduct_brand&post=2009"},{"taxonomy":"product_cat","embeddable":true,"href":"https:\/\/dieschneiderei.eu\/index.php?rest_route=%2Fwp%2Fv2%2Fproduct_cat&post=2009"},{"taxonomy":"product_tag","embeddable":true,"href":"https:\/\/dieschneiderei.eu\/index.php?rest_route=%2Fwp%2Fv2%2Fproduct_tag&post=2009"}],"curies":[{"name":"wp","href":"https:\/\/api.w.org\/{rel}","templated":true}]}}