{"id":2242,"date":"2024-12-05T21:00:28","date_gmt":"2024-12-05T21:00:28","guid":{"rendered":"https:\/\/dieschneiderei.eu\/?post_type=product&#038;p=2242"},"modified":"2024-12-05T21:03:53","modified_gmt":"2024-12-05T21:03:53","slug":"mini-pocket-mala-by-love2yoga","status":"publish","type":"product","link":"https:\/\/dieschneiderei.eu\/?product=mini-pocket-mala-by-love2yoga","title":{"rendered":"Mini Pocket Mala by Love2Yoga"},"content":{"rendered":"<h3>Mini Pocket Mala by Love2Yoga | Meditation &amp; Yoga | 27 Edelsteinperlen aus <strong>Amethyst und Aquamarin<\/strong><\/h3>\n<p>Die Mini Pocket Mala by <a href=\"https:\/\/www.claudia-schriever.at\/yoga\">Love2Yoga<\/a> begleitet deine Meditation und schenkt dir Weitblick. So erkundest du dein spirituelles Selbst und festigst deine innersten Ziele. Dabei bringt dich einfach nichts aus der Bahn. Du bleibst voller Akzeptanz und Selbstvertrauen.<\/p>\n<p>Die Mini Pocket Mala Kette ist aus 27 Edelsteinperlen &#8211; mit lila Amethyst und himmelblauen Aquamarin handgekn\u00fcpft. Die Guruperle aus Lava bildet den Beginn und das Ende deiner Edelsteinkette und deiner Meditation.<\/p>\n<h5>WAS IST EINE MINI POCKET MALA?<\/h5>\n<p>Die Mini Pocket Mala ist deine Meditation to go \u2013 immer und \u00fcberall! Mit 27 Edelsteinperlen, die ein Viertel einer traditionellen Mala ausmachen, hilft sie dir, deine Ziele zu manifestieren und innere Ruhe zu finden. Sie ist die perfekte Begleitung auf Reisen. Bei der Japa-Meditation l\u00e4sst du die 27 Perlen einzeln durch deine Finger gleiten. Dabei wiederholst du jeweils dein Mantra und festigst deine Intention.<\/p>\n<h5>BEDEUTUNG DER EDELSTEINE UND GURUPERLE<\/h5>\n<p><strong>AMETHYST<\/strong> zeigt dir den Weg zu deiner Seele, deiner Harmonie und deiner Spiritualit\u00e4t. Er reinigt deinen Geist und deine Gedanken, sodass du intuitiv neue Perspektiven erkennst. Mit Ruhe und Geborgenheit unterst\u00fctzt er deine Meditation.<\/p>\n<p><strong>AQUAMARIN<\/strong>\u00a0steht f\u00fcr deinen Weitblick, deine Vorausschau und dein Durchhalteverm\u00f6gen. Er kr\u00e4ftigt dein Selbstbewusstsein. So bleibst du am richtigen Weg, um deine Ziele zu erreichen.<\/p>\n<p><strong>LAVA<\/strong>\u00a0ist ein sehr erdender Stein. Er sorgt f\u00fcr deine Stabilit\u00e4t in Zeiten des Wandels. Lava unterst\u00fctzt dich dabei, verbunden und in Kontakt mit deinem Lebensweg zu bleiben.<\/p>\n<h5>HANDGEMACHT IN WIEN<\/h5>\n<p>Jede Mala Kette wird von uns per Hand in Wien gekn\u00fcpft. In kleiner St\u00fcckzahl oder f\u00fcr dich pers\u00f6nlich. Knoten f\u00fcr Knoten, Perle f\u00fcr Perle, St\u00fcck f\u00fcr St\u00fcck. Mit viel Leidenschaft und noch mehr Herz. Deine Edelsteinkette ist mit hochwertigen Materialien und Liebe zum Detail gefertigt. Die Edelsteine sind mit gro\u00dfer Sorgfalt f\u00fcr die bunte Vielfalt des Lebens selektiert. Diese sind Naturprodukte und k\u00f6nnen in Farbe und Form variieren.<\/p>\n<h5>DETAILS UND GR\u00d6SSE<\/h5>\n<p>+ 27 Perlen: Amethyst, Aquamarin (6mm)<br \/>\n+ Guru Perle: Lava<br \/>\n+ Schmuckperlen: Silber (925 Sterling)<br \/>\n+ Garn: wei\u00df<br \/>\n+ Quaste: wei\u00df<br \/>\n+ L\u00e4nge der Kette mit Quaste: ca. 15cm<\/p>\n","protected":false},"excerpt":{"rendered":"<p>Mini Pocket Mala by Love2Yoga | Meditation &amp; Yoga | 27 Edelsteinperlen aus Amethyst und Aquamarin Die Mini Pocket Mala by Love2Yoga begleitet deine Meditation und schenkt dir Weitblick. So erkundest du dein spirituelles Selbst und festigst deine innersten Ziele. Dabei bringt dich einfach nichts aus der Bahn. Du bleibst voller Akzeptanz und Selbstvertrauen. Die [&hellip;]<\/p>\n","protected":false},"featured_media":2249,"comment_status":"open","ping_status":"closed","template":"","meta":{"ocean_post_layout":"","ocean_both_sidebars_style":"","ocean_both_sidebars_content_width":0,"ocean_both_sidebars_sidebars_width":0,"ocean_sidebar":"0","ocean_second_sidebar":"0","ocean_disable_margins":"enable","ocean_add_body_class":"","ocean_shortcode_before_top_bar":"","ocean_shortcode_after_top_bar":"","ocean_shortcode_before_header":"","ocean_shortcode_after_header":"","ocean_has_shortcode":"","ocean_shortcode_after_title":"","ocean_shortcode_before_footer_widgets":"","ocean_shortcode_after_footer_widgets":"","ocean_shortcode_before_footer_bottom":"","ocean_shortcode_after_footer_bottom":"","ocean_display_top_bar":"default","ocean_display_header":"default","ocean_header_style":"","ocean_center_header_left_menu":"0","ocean_custom_header_template":"0","ocean_custom_logo":0,"ocean_custom_retina_logo":0,"ocean_custom_logo_max_width":0,"ocean_custom_logo_tablet_max_width":0,"ocean_custom_logo_mobile_max_width":0,"ocean_custom_logo_max_height":0,"ocean_custom_logo_tablet_max_height":0,"ocean_custom_logo_mobile_max_height":0,"ocean_header_custom_menu":"0","ocean_menu_typo_font_family":"0","ocean_menu_typo_font_subset":"","ocean_menu_typo_font_size":0,"ocean_menu_typo_font_size_tablet":0,"ocean_menu_typo_font_size_mobile":0,"ocean_menu_typo_font_size_unit":"px","ocean_menu_typo_font_weight":"","ocean_menu_typo_font_weight_tablet":"","ocean_menu_typo_font_weight_mobile":"","ocean_menu_typo_transform":"","ocean_menu_typo_transform_tablet":"","ocean_menu_typo_transform_mobile":"","ocean_menu_typo_line_height":0,"ocean_menu_typo_line_height_tablet":0,"ocean_menu_typo_line_height_mobile":0,"ocean_menu_typo_line_height_unit":"","ocean_menu_typo_spacing":0,"ocean_menu_typo_spacing_tablet":0,"ocean_menu_typo_spacing_mobile":0,"ocean_menu_typo_spacing_unit":"","ocean_menu_link_color":"","ocean_menu_link_color_hover":"","ocean_menu_link_color_active":"","ocean_menu_link_background":"","ocean_menu_link_hover_background":"","ocean_menu_link_active_background":"","ocean_menu_social_links_bg":"","ocean_menu_social_hover_links_bg":"","ocean_menu_social_links_color":"","ocean_menu_social_hover_links_color":"","ocean_disable_title":"default","ocean_disable_heading":"default","ocean_post_title":"","ocean_post_subheading":"","ocean_post_title_style":"","ocean_post_title_background_color":"","ocean_post_title_background":0,"ocean_post_title_bg_image_position":"","ocean_post_title_bg_image_attachment":"","ocean_post_title_bg_image_repeat":"","ocean_post_title_bg_image_size":"","ocean_post_title_height":0,"ocean_post_title_bg_overlay":0.5,"ocean_post_title_bg_overlay_color":"","ocean_disable_breadcrumbs":"default","ocean_breadcrumbs_color":"","ocean_breadcrumbs_separator_color":"","ocean_breadcrumbs_links_color":"","ocean_breadcrumbs_links_hover_color":"","ocean_display_footer_widgets":"default","ocean_display_footer_bottom":"default","ocean_custom_footer_template":"0"},"product_brand":[],"product_cat":[145],"product_tag":[163,166],"class_list":{"0":"post-2242","1":"product","2":"type-product","3":"status-publish","4":"has-post-thumbnail","6":"product_cat-mala-kette","7":"product_tag-amethyst","8":"product_tag-aquamarin","9":"product_shipping_class-paket-europa","11":"entry","12":"has-media","14":"first","15":"instock","16":"featured","17":"shipping-taxable","18":"purchasable","19":"product-type-simple","20":"col","21":"span_1_of_3","22":"owp-content-center","23":"owp-thumbs-layout-horizontal","24":"owp-btn-big","25":"owp-tabs-layout-section"},"_links":{"self":[{"href":"https:\/\/dieschneiderei.eu\/index.php?rest_route=\/wp\/v2\/product\/2242","targetHints":{"allow":["GET"]}}],"collection":[{"href":"https:\/\/dieschneiderei.eu\/index.php?rest_route=\/wp\/v2\/product"}],"about":[{"href":"https:\/\/dieschneiderei.eu\/index.php?rest_route=\/wp\/v2\/types\/product"}],"replies":[{"embeddable":true,"href":"https:\/\/dieschneiderei.eu\/index.php?rest_route=%2Fwp%2Fv2%2Fcomments&post=2242"}],"wp:featuredmedia":[{"embeddable":true,"href":"https:\/\/dieschneiderei.eu\/index.php?rest_route=\/wp\/v2\/media\/2249"}],"wp:attachment":[{"href":"https:\/\/dieschneiderei.eu\/index.php?rest_route=%2Fwp%2Fv2%2Fmedia&parent=2242"}],"wp:term":[{"taxonomy":"product_brand","embeddable":true,"href":"https:\/\/dieschneiderei.eu\/index.php?rest_route=%2Fwp%2Fv2%2Fproduct_brand&post=2242"},{"taxonomy":"product_cat","embeddable":true,"href":"https:\/\/dieschneiderei.eu\/index.php?rest_route=%2Fwp%2Fv2%2Fproduct_cat&post=2242"},{"taxonomy":"product_tag","embeddable":true,"href":"https:\/\/dieschneiderei.eu\/index.php?rest_route=%2Fwp%2Fv2%2Fproduct_tag&post=2242"}],"curies":[{"name":"wp","href":"https:\/\/api.w.org\/{rel}","templated":true}]}}