{"id":2270,"date":"2024-12-05T20:00:04","date_gmt":"2024-12-05T20:00:04","guid":{"rendered":"https:\/\/dieschneiderei.eu\/?post_type=product&#038;p=2270"},"modified":"2024-12-05T20:38:32","modified_gmt":"2024-12-05T20:38:32","slug":"mini-pocket-mala-lebensfeuer","status":"publish","type":"product","link":"https:\/\/dieschneiderei.eu\/?product=mini-pocket-mala-lebensfeuer","title":{"rendered":"Mini Pocket Mala Lebensfeuer"},"content":{"rendered":"<h3>Mini Pocket Mala Lebensfeuer| Meditation &amp; Yoga | 27 Edelsteinperlen | Rotes Tigerauge, <strong>Citrin, Roter Jaspis<\/strong><\/h3>\n<p>Mit der Mini Pocket Mala &#8222;Lebensfeuer&#8220; brennst du f\u00fcr deine Freiheit und gehst voll Superpower deinen Herzensweg.\u00a0Die Mini Pocket Mala Kette ist aus 27 Edelsteinperlen handgekn\u00fcpft. Die Guruperle aus Rudraksha Samen bildet den Beginn und das Ende deiner Edelsteinkette und deiner Meditation.<\/p>\n<h5>WAS IST EINE MINI POCKET MALA?<\/h5>\n<p>Die Mini Pocket Mala ist deine Meditation to go \u2013 immer und \u00fcberall! Mit 27 Edelsteinperlen, die ein Viertel einer traditionellen Mala ausmachen, hilft sie dir, deine Ziele zu manifestieren und innere Ruhe zu finden. Sie ist die perfekte Begleitung auf Reisen. Bei der Japa-Meditation l\u00e4sst du die 27 Perlen einzeln durch deine Finger gleiten. Dabei wiederholst du jeweils dein Mantra und festigst deine Intention.<\/p>\n<h5>BEDEUTUNG DER EDELSTEINE UND GURUPERLE<\/h5>\n<p><strong>ROTES TIGERAUGE <\/strong>ist auch als \u201eStein der Freiheit\u201c bekannt. Er gibt dir Selbstbewusstsein und Mut f\u00fcr die gro\u00dfen Entscheidungen des Lebens. So gewinnst du Freiheit, das zu tun, was sich richtig anf\u00fchlt. Tigerauge ist erdend und hilft dir deine Vorhaben umzusetzen und Verantwortung zu \u00fcbernehmen.<\/p>\n<p><strong>CITRIN<\/strong>\u00a0wird auch als Licht-, Lebens- oder Sonnenstein bezeichnet. Er schenkt dir Lebensfreude und Optimismus.<\/p>\n<p><strong>ROTER JASPIS<\/strong>\u00a0entfacht dein inneres Feuer und schenkt die Mut f\u00fcr deinen Herzensweg.\u00a0 Mit neuer Superpower gehst du los, voll Tatendrang und Willenskraft.<\/p>\n<p><strong>RUDRAKSHA<\/strong>\u00a0h\u00fcllt dich in deine eigene Energie, sodass du ganz bei dir bleiben kannst. Du bist gesch\u00fctzt von negativen Schwingungen und f\u00fchlst dich ruhig. Die Samen werden traditionell zur Herstellung von Malaketten verwendet und unterst\u00fctzen deine Meditation.<\/p>\n<h5>HANDGEMACHT IN WIEN<\/h5>\n<p>Jede Mala Kette wird von uns per Hand in Wien gekn\u00fcpft. In kleiner St\u00fcckzahl oder f\u00fcr dich pers\u00f6nlich. Knoten f\u00fcr Knoten, Perle f\u00fcr Perle, St\u00fcck f\u00fcr St\u00fcck. Mit viel Leidenschaft und noch mehr Herz. Deine Edelsteinkette ist mit hochwertigen Materialien und Liebe zum Detail gefertigt. Die Edelsteine sind mit gro\u00dfer Sorgfalt f\u00fcr die bunte Vielfalt des Lebens selektiert. Diese sind Naturprodukte und k\u00f6nnen in Farbe und Form variieren.<\/p>\n<h5>DETAILS UND GR\u00d6SSE<\/h5>\n<p>+ 27 Perlen: Rotes Tigerauge, Citrin, Roter Jaspis (6mm)<br \/>\n+ Guru Perle: Rudraksha Samen<br \/>\n+ Schmuckperlen: Messing<br \/>\n+ Garn: Gelb<br \/>\n+ Quaste: Gelb<br \/>\n+ L\u00e4nge der Kette mit Quaste: ca. 15cm<\/p>\n","protected":false},"excerpt":{"rendered":"<p>Mini Pocket Mala Lebensfeuer| Meditation &amp; Yoga | 27 Edelsteinperlen | Rotes Tigerauge, Citrin, Roter Jaspis Mit der Mini Pocket Mala &#8222;Lebensfeuer&#8220; brennst du f\u00fcr deine Freiheit und gehst voll Superpower deinen Herzensweg.\u00a0Die Mini Pocket Mala Kette ist aus 27 Edelsteinperlen handgekn\u00fcpft. Die Guruperle aus Rudraksha Samen bildet den Beginn und das Ende deiner Edelsteinkette [&hellip;]<\/p>\n","protected":false},"featured_media":2273,"comment_status":"open","ping_status":"closed","template":"","meta":{"ocean_post_layout":"","ocean_both_sidebars_style":"","ocean_both_sidebars_content_width":0,"ocean_both_sidebars_sidebars_width":0,"ocean_sidebar":"0","ocean_second_sidebar":"0","ocean_disable_margins":"enable","ocean_add_body_class":"","ocean_shortcode_before_top_bar":"","ocean_shortcode_after_top_bar":"","ocean_shortcode_before_header":"","ocean_shortcode_after_header":"","ocean_has_shortcode":"","ocean_shortcode_after_title":"","ocean_shortcode_before_footer_widgets":"","ocean_shortcode_after_footer_widgets":"","ocean_shortcode_before_footer_bottom":"","ocean_shortcode_after_footer_bottom":"","ocean_display_top_bar":"default","ocean_display_header":"default","ocean_header_style":"","ocean_center_header_left_menu":"0","ocean_custom_header_template":"0","ocean_custom_logo":0,"ocean_custom_retina_logo":0,"ocean_custom_logo_max_width":0,"ocean_custom_logo_tablet_max_width":0,"ocean_custom_logo_mobile_max_width":0,"ocean_custom_logo_max_height":0,"ocean_custom_logo_tablet_max_height":0,"ocean_custom_logo_mobile_max_height":0,"ocean_header_custom_menu":"0","ocean_menu_typo_font_family":"0","ocean_menu_typo_font_subset":"","ocean_menu_typo_font_size":0,"ocean_menu_typo_font_size_tablet":0,"ocean_menu_typo_font_size_mobile":0,"ocean_menu_typo_font_size_unit":"px","ocean_menu_typo_font_weight":"","ocean_menu_typo_font_weight_tablet":"","ocean_menu_typo_font_weight_mobile":"","ocean_menu_typo_transform":"","ocean_menu_typo_transform_tablet":"","ocean_menu_typo_transform_mobile":"","ocean_menu_typo_line_height":0,"ocean_menu_typo_line_height_tablet":0,"ocean_menu_typo_line_height_mobile":0,"ocean_menu_typo_line_height_unit":"","ocean_menu_typo_spacing":0,"ocean_menu_typo_spacing_tablet":0,"ocean_menu_typo_spacing_mobile":0,"ocean_menu_typo_spacing_unit":"","ocean_menu_link_color":"","ocean_menu_link_color_hover":"","ocean_menu_link_color_active":"","ocean_menu_link_background":"","ocean_menu_link_hover_background":"","ocean_menu_link_active_background":"","ocean_menu_social_links_bg":"","ocean_menu_social_hover_links_bg":"","ocean_menu_social_links_color":"","ocean_menu_social_hover_links_color":"","ocean_disable_title":"default","ocean_disable_heading":"default","ocean_post_title":"","ocean_post_subheading":"","ocean_post_title_style":"","ocean_post_title_background_color":"","ocean_post_title_background":0,"ocean_post_title_bg_image_position":"","ocean_post_title_bg_image_attachment":"","ocean_post_title_bg_image_repeat":"","ocean_post_title_bg_image_size":"","ocean_post_title_height":0,"ocean_post_title_bg_overlay":0.5,"ocean_post_title_bg_overlay_color":"","ocean_disable_breadcrumbs":"default","ocean_breadcrumbs_color":"","ocean_breadcrumbs_separator_color":"","ocean_breadcrumbs_links_color":"","ocean_breadcrumbs_links_hover_color":"","ocean_display_footer_widgets":"default","ocean_display_footer_bottom":"default","ocean_custom_footer_template":"0"},"product_brand":[],"product_cat":[145],"product_tag":[162,174,55],"class_list":{"0":"post-2270","1":"product","2":"type-product","3":"status-publish","4":"has-post-thumbnail","6":"product_cat-mala-kette","7":"product_tag-citrin","8":"product_tag-roter-jaspis","9":"product_tag-tigerauge","10":"product_shipping_class-paket-europa","12":"entry","13":"has-media","15":"first","16":"instock","17":"featured","18":"shipping-taxable","19":"purchasable","20":"product-type-simple","21":"col","22":"span_1_of_3","23":"owp-content-center","24":"owp-thumbs-layout-horizontal","25":"owp-btn-big","26":"owp-tabs-layout-section"},"_links":{"self":[{"href":"https:\/\/dieschneiderei.eu\/index.php?rest_route=\/wp\/v2\/product\/2270","targetHints":{"allow":["GET"]}}],"collection":[{"href":"https:\/\/dieschneiderei.eu\/index.php?rest_route=\/wp\/v2\/product"}],"about":[{"href":"https:\/\/dieschneiderei.eu\/index.php?rest_route=\/wp\/v2\/types\/product"}],"replies":[{"embeddable":true,"href":"https:\/\/dieschneiderei.eu\/index.php?rest_route=%2Fwp%2Fv2%2Fcomments&post=2270"}],"wp:featuredmedia":[{"embeddable":true,"href":"https:\/\/dieschneiderei.eu\/index.php?rest_route=\/wp\/v2\/media\/2273"}],"wp:attachment":[{"href":"https:\/\/dieschneiderei.eu\/index.php?rest_route=%2Fwp%2Fv2%2Fmedia&parent=2270"}],"wp:term":[{"taxonomy":"product_brand","embeddable":true,"href":"https:\/\/dieschneiderei.eu\/index.php?rest_route=%2Fwp%2Fv2%2Fproduct_brand&post=2270"},{"taxonomy":"product_cat","embeddable":true,"href":"https:\/\/dieschneiderei.eu\/index.php?rest_route=%2Fwp%2Fv2%2Fproduct_cat&post=2270"},{"taxonomy":"product_tag","embeddable":true,"href":"https:\/\/dieschneiderei.eu\/index.php?rest_route=%2Fwp%2Fv2%2Fproduct_tag&post=2270"}],"curies":[{"name":"wp","href":"https:\/\/api.w.org\/{rel}","templated":true}]}}