{"id":570,"date":"2024-09-29T08:00:16","date_gmt":"2024-09-29T08:00:16","guid":{"rendered":"https:\/\/dieschneiderei.eu\/?post_type=product&#038;p=570"},"modified":"2024-09-29T15:50:02","modified_gmt":"2024-09-29T15:50:02","slug":"siblings","status":"publish","type":"product","link":"https:\/\/dieschneiderei.eu\/?product=siblings","title":{"rendered":"Siblings"},"content":{"rendered":"<h3 class=\"wt-text-body-03 wt-line-height-tight wt-break-word wt-mb-xs-1\" data-buy-box-listing-title=\"true\">Siblings | Makramee-Armband bunt gekn\u00fcpft<\/h3>\n<p>Bunt gekn\u00fcpftes Makramee-Armband. Geschwister verbindet ein unaufl\u00f6sbares Band, eine Bindung f\u00fcrs Leben. Genau das symbolisiert dieses Geschwister-Armband. Ein Danke an alle Br\u00fcder und Schwester oder beste Freunde und Freundinnen, die dir so nahe stehen, wie Geschwister.<\/p>\n<p>Das bunte Armband ist in vielen Farbkombinationen erh\u00e4ltlich:<br \/>\n+ Blau-Gr\u00fcn mit Schwarz<br \/>\n+ Rot-Lila mit Schwarz<br \/>\n+ Braunt\u00f6ne mit Schwarz<br \/>\n+ Bunt mit Schwarz<\/p>\n<h5>HANDGEMACHT IN WIEN<\/h5>\n<p>Jedes Armband wird von uns per Hand in Wien gekn\u00fcpft. In kleiner St\u00fcckzahl oder f\u00fcr dich pers\u00f6nlich. Knoten f\u00fcr Knoten, St\u00fcck f\u00fcr St\u00fcck. Mit viel Leidenschaft und noch mehr Herz. Dein Makrameearmband ist mit hochwertigen Materialien und Liebe zum Detail gefertigt. Der Linhasita Makramee Garn ist ein starker Begleiter und erstrahlt lange in den sch\u00f6nsten Farben des Lebens. Dank Schiebeverschluss passt dein Armband um jedes Handgelenk.<\/p>\n<h5>DETAILS UND GR\u00d6SSE<\/h5>\n<p>+ Edelstein Perle: Lapislazuli (6mm)<br \/>\n+ Messingperlen<br \/>\n+ Makramee Garn: diverse Farben<br \/>\n+ Schiebeverschluss &#8211;\u00a0individuell anpassbar<br \/>\n+ Umfang des Armbands: max. 25cm<\/p>\n","protected":false},"excerpt":{"rendered":"<p>Siblings | Makramee-Armband bunt gekn\u00fcpft Bunt gekn\u00fcpftes Makramee-Armband. Geschwister verbindet ein unaufl\u00f6sbares Band, eine Bindung f\u00fcrs Leben. Genau das symbolisiert dieses Geschwister-Armband. Ein Danke an alle Br\u00fcder und Schwester oder beste Freunde und Freundinnen, die dir so nahe stehen, wie Geschwister. Das bunte Armband ist in vielen Farbkombinationen erh\u00e4ltlich: + Blau-Gr\u00fcn mit Schwarz + Rot-Lila [&hellip;]<\/p>\n","protected":false},"featured_media":579,"comment_status":"open","ping_status":"closed","template":"","meta":{"ocean_post_layout":"","ocean_both_sidebars_style":"","ocean_both_sidebars_content_width":0,"ocean_both_sidebars_sidebars_width":0,"ocean_sidebar":"0","ocean_second_sidebar":"0","ocean_disable_margins":"enable","ocean_add_body_class":"","ocean_shortcode_before_top_bar":"","ocean_shortcode_after_top_bar":"","ocean_shortcode_before_header":"","ocean_shortcode_after_header":"","ocean_has_shortcode":"","ocean_shortcode_after_title":"","ocean_shortcode_before_footer_widgets":"","ocean_shortcode_after_footer_widgets":"","ocean_shortcode_before_footer_bottom":"","ocean_shortcode_after_footer_bottom":"","ocean_display_top_bar":"default","ocean_display_header":"default","ocean_header_style":"","ocean_center_header_left_menu":"0","ocean_custom_header_template":"0","ocean_custom_logo":0,"ocean_custom_retina_logo":0,"ocean_custom_logo_max_width":0,"ocean_custom_logo_tablet_max_width":0,"ocean_custom_logo_mobile_max_width":0,"ocean_custom_logo_max_height":0,"ocean_custom_logo_tablet_max_height":0,"ocean_custom_logo_mobile_max_height":0,"ocean_header_custom_menu":"0","ocean_menu_typo_font_family":"0","ocean_menu_typo_font_subset":"","ocean_menu_typo_font_size":0,"ocean_menu_typo_font_size_tablet":0,"ocean_menu_typo_font_size_mobile":0,"ocean_menu_typo_font_size_unit":"px","ocean_menu_typo_font_weight":"","ocean_menu_typo_font_weight_tablet":"","ocean_menu_typo_font_weight_mobile":"","ocean_menu_typo_transform":"","ocean_menu_typo_transform_tablet":"","ocean_menu_typo_transform_mobile":"","ocean_menu_typo_line_height":0,"ocean_menu_typo_line_height_tablet":0,"ocean_menu_typo_line_height_mobile":0,"ocean_menu_typo_line_height_unit":"","ocean_menu_typo_spacing":0,"ocean_menu_typo_spacing_tablet":0,"ocean_menu_typo_spacing_mobile":0,"ocean_menu_typo_spacing_unit":"","ocean_menu_link_color":"","ocean_menu_link_color_hover":"","ocean_menu_link_color_active":"","ocean_menu_link_background":"","ocean_menu_link_hover_background":"","ocean_menu_link_active_background":"","ocean_menu_social_links_bg":"","ocean_menu_social_hover_links_bg":"","ocean_menu_social_links_color":"","ocean_menu_social_hover_links_color":"","ocean_disable_title":"default","ocean_disable_heading":"default","ocean_post_title":"","ocean_post_subheading":"","ocean_post_title_style":"","ocean_post_title_background_color":"","ocean_post_title_background":0,"ocean_post_title_bg_image_position":"","ocean_post_title_bg_image_attachment":"","ocean_post_title_bg_image_repeat":"","ocean_post_title_bg_image_size":"","ocean_post_title_height":0,"ocean_post_title_bg_overlay":0.5,"ocean_post_title_bg_overlay_color":"","ocean_disable_breadcrumbs":"default","ocean_breadcrumbs_color":"","ocean_breadcrumbs_separator_color":"","ocean_breadcrumbs_links_color":"","ocean_breadcrumbs_links_hover_color":"","ocean_display_footer_widgets":"default","ocean_display_footer_bottom":"default","ocean_custom_footer_template":"0"},"product_brand":[],"product_cat":[153],"product_tag":[],"class_list":{"0":"post-570","1":"product","2":"type-product","3":"status-publish","4":"has-post-thumbnail","6":"product_cat-armband","8":"entry","9":"has-media","11":"first","12":"instock","13":"shipping-taxable","14":"purchasable","15":"product-type-variable","16":"col","17":"span_1_of_3","18":"owp-content-center","19":"owp-thumbs-layout-horizontal","20":"owp-btn-big","21":"owp-tabs-layout-section"},"_links":{"self":[{"href":"https:\/\/dieschneiderei.eu\/index.php?rest_route=\/wp\/v2\/product\/570","targetHints":{"allow":["GET"]}}],"collection":[{"href":"https:\/\/dieschneiderei.eu\/index.php?rest_route=\/wp\/v2\/product"}],"about":[{"href":"https:\/\/dieschneiderei.eu\/index.php?rest_route=\/wp\/v2\/types\/product"}],"replies":[{"embeddable":true,"href":"https:\/\/dieschneiderei.eu\/index.php?rest_route=%2Fwp%2Fv2%2Fcomments&post=570"}],"wp:featuredmedia":[{"embeddable":true,"href":"https:\/\/dieschneiderei.eu\/index.php?rest_route=\/wp\/v2\/media\/579"}],"wp:attachment":[{"href":"https:\/\/dieschneiderei.eu\/index.php?rest_route=%2Fwp%2Fv2%2Fmedia&parent=570"}],"wp:term":[{"taxonomy":"product_brand","embeddable":true,"href":"https:\/\/dieschneiderei.eu\/index.php?rest_route=%2Fwp%2Fv2%2Fproduct_brand&post=570"},{"taxonomy":"product_cat","embeddable":true,"href":"https:\/\/dieschneiderei.eu\/index.php?rest_route=%2Fwp%2Fv2%2Fproduct_cat&post=570"},{"taxonomy":"product_tag","embeddable":true,"href":"https:\/\/dieschneiderei.eu\/index.php?rest_route=%2Fwp%2Fv2%2Fproduct_tag&post=570"}],"curies":[{"name":"wp","href":"https:\/\/api.w.org\/{rel}","templated":true}]}}