{"id":654,"date":"2024-09-29T08:00:16","date_gmt":"2024-09-29T08:00:16","guid":{"rendered":"https:\/\/dieschneiderei.eu\/?post_type=product&#038;p=654"},"modified":"2024-09-29T16:33:21","modified_gmt":"2024-09-29T16:33:21","slug":"vulcano","status":"publish","type":"product","link":"https:\/\/dieschneiderei.eu\/?product=vulcano","title":{"rendered":"Vulcano"},"content":{"rendered":"<h3 class=\"wt-text-body-03 wt-line-height-tight wt-break-word\" data-buy-box-listing-title=\"true\">Vulcano &#8211; Lavastein Armband f\u00fcr M\u00e4nner<\/h3>\n<p>Lavaschmuck f\u00fcr M\u00e4nner &#8211; mit diesem schwarzen M\u00e4nnerarmband tr\u00e4gst du die Kraft des Vulkans immer bei dir. Lava ist ein sehr erdender Stein und sorgt f\u00fcr Stabilit\u00e4t in Zeiten des Wandels. F\u00fcr noch mehr M\u00e4nnlichkeit, tropfe dein liebstes \u00e4therisches \u00d6l auf die schwarzen Lavaperlen und nutze das Armband als Aroma-Diffuser. Ein perfektes Geschenk zum Vatertag, Geburtstag oder einfach so.<\/p>\n<p>Echter Vulkanstein, daher k\u00f6nnen Farbe, Form und Maserung variieren. Liebevolle Handarbeit, jedes St\u00fcck ist ein Unikat.<\/p>\n<p><strong>Merkmale:<\/strong><br \/>\n+ Lavastein (8mm Perle)<br \/>\n+ Perlen silberfarben<br \/>\n+ Gewachstes Garn<br \/>\n+ 18-28cm l\u00e4ngenverstellbar<br \/>\n+ Makramee-Schiebeverschluss &#8211; individuell anpassbar<\/p>\n","protected":false},"excerpt":{"rendered":"<p>Vulcano &#8211; Lavastein Armband f\u00fcr M\u00e4nner Lavaschmuck f\u00fcr M\u00e4nner &#8211; mit diesem schwarzen M\u00e4nnerarmband tr\u00e4gst du die Kraft des Vulkans immer bei dir. Lava ist ein sehr erdender Stein und sorgt f\u00fcr Stabilit\u00e4t in Zeiten des Wandels. F\u00fcr noch mehr M\u00e4nnlichkeit, tropfe dein liebstes \u00e4therisches \u00d6l auf die schwarzen Lavaperlen und nutze das Armband als [&hellip;]<\/p>\n","protected":false},"featured_media":655,"comment_status":"open","ping_status":"closed","template":"","meta":{"ocean_post_layout":"","ocean_both_sidebars_style":"","ocean_both_sidebars_content_width":0,"ocean_both_sidebars_sidebars_width":0,"ocean_sidebar":"0","ocean_second_sidebar":"0","ocean_disable_margins":"enable","ocean_add_body_class":"","ocean_shortcode_before_top_bar":"","ocean_shortcode_after_top_bar":"","ocean_shortcode_before_header":"","ocean_shortcode_after_header":"","ocean_has_shortcode":"","ocean_shortcode_after_title":"","ocean_shortcode_before_footer_widgets":"","ocean_shortcode_after_footer_widgets":"","ocean_shortcode_before_footer_bottom":"","ocean_shortcode_after_footer_bottom":"","ocean_display_top_bar":"default","ocean_display_header":"default","ocean_header_style":"","ocean_center_header_left_menu":"0","ocean_custom_header_template":"0","ocean_custom_logo":0,"ocean_custom_retina_logo":0,"ocean_custom_logo_max_width":0,"ocean_custom_logo_tablet_max_width":0,"ocean_custom_logo_mobile_max_width":0,"ocean_custom_logo_max_height":0,"ocean_custom_logo_tablet_max_height":0,"ocean_custom_logo_mobile_max_height":0,"ocean_header_custom_menu":"0","ocean_menu_typo_font_family":"0","ocean_menu_typo_font_subset":"","ocean_menu_typo_font_size":0,"ocean_menu_typo_font_size_tablet":0,"ocean_menu_typo_font_size_mobile":0,"ocean_menu_typo_font_size_unit":"px","ocean_menu_typo_font_weight":"","ocean_menu_typo_font_weight_tablet":"","ocean_menu_typo_font_weight_mobile":"","ocean_menu_typo_transform":"","ocean_menu_typo_transform_tablet":"","ocean_menu_typo_transform_mobile":"","ocean_menu_typo_line_height":0,"ocean_menu_typo_line_height_tablet":0,"ocean_menu_typo_line_height_mobile":0,"ocean_menu_typo_line_height_unit":"","ocean_menu_typo_spacing":0,"ocean_menu_typo_spacing_tablet":0,"ocean_menu_typo_spacing_mobile":0,"ocean_menu_typo_spacing_unit":"","ocean_menu_link_color":"","ocean_menu_link_color_hover":"","ocean_menu_link_color_active":"","ocean_menu_link_background":"","ocean_menu_link_hover_background":"","ocean_menu_link_active_background":"","ocean_menu_social_links_bg":"","ocean_menu_social_hover_links_bg":"","ocean_menu_social_links_color":"","ocean_menu_social_hover_links_color":"","ocean_disable_title":"default","ocean_disable_heading":"default","ocean_post_title":"","ocean_post_subheading":"","ocean_post_title_style":"","ocean_post_title_background_color":"","ocean_post_title_background":0,"ocean_post_title_bg_image_position":"","ocean_post_title_bg_image_attachment":"","ocean_post_title_bg_image_repeat":"","ocean_post_title_bg_image_size":"","ocean_post_title_height":0,"ocean_post_title_bg_overlay":0.5,"ocean_post_title_bg_overlay_color":"","ocean_disable_breadcrumbs":"default","ocean_breadcrumbs_color":"","ocean_breadcrumbs_separator_color":"","ocean_breadcrumbs_links_color":"","ocean_breadcrumbs_links_hover_color":"","ocean_display_footer_widgets":"default","ocean_display_footer_bottom":"default","ocean_custom_footer_template":"0"},"product_brand":[],"product_cat":[153],"product_tag":[165],"class_list":{"0":"post-654","1":"product","2":"type-product","3":"status-publish","4":"has-post-thumbnail","6":"product_cat-armband","7":"product_tag-lava","9":"entry","10":"has-media","12":"first","13":"outofstock","14":"shipping-taxable","15":"purchasable","16":"product-type-simple","17":"col","18":"span_1_of_3","19":"owp-content-center","20":"owp-thumbs-layout-horizontal","21":"owp-btn-big","22":"owp-tabs-layout-section"},"_links":{"self":[{"href":"https:\/\/dieschneiderei.eu\/index.php?rest_route=\/wp\/v2\/product\/654","targetHints":{"allow":["GET"]}}],"collection":[{"href":"https:\/\/dieschneiderei.eu\/index.php?rest_route=\/wp\/v2\/product"}],"about":[{"href":"https:\/\/dieschneiderei.eu\/index.php?rest_route=\/wp\/v2\/types\/product"}],"replies":[{"embeddable":true,"href":"https:\/\/dieschneiderei.eu\/index.php?rest_route=%2Fwp%2Fv2%2Fcomments&post=654"}],"wp:featuredmedia":[{"embeddable":true,"href":"https:\/\/dieschneiderei.eu\/index.php?rest_route=\/wp\/v2\/media\/655"}],"wp:attachment":[{"href":"https:\/\/dieschneiderei.eu\/index.php?rest_route=%2Fwp%2Fv2%2Fmedia&parent=654"}],"wp:term":[{"taxonomy":"product_brand","embeddable":true,"href":"https:\/\/dieschneiderei.eu\/index.php?rest_route=%2Fwp%2Fv2%2Fproduct_brand&post=654"},{"taxonomy":"product_cat","embeddable":true,"href":"https:\/\/dieschneiderei.eu\/index.php?rest_route=%2Fwp%2Fv2%2Fproduct_cat&post=654"},{"taxonomy":"product_tag","embeddable":true,"href":"https:\/\/dieschneiderei.eu\/index.php?rest_route=%2Fwp%2Fv2%2Fproduct_tag&post=654"}],"curies":[{"name":"wp","href":"https:\/\/api.w.org\/{rel}","templated":true}]}}